{"id":1845,"date":"2026-03-18T10:05:01","date_gmt":"2026-03-18T09:05:01","guid":{"rendered":"https:\/\/atlante.design\/?page_id=1845"},"modified":"2026-03-20T10:08:53","modified_gmt":"2026-03-20T09:08:53","slug":"about-us2","status":"publish","type":"page","link":"https:\/\/atlante.design\/es\/about-us2\/","title":{"rendered":"Sobre nosotros2"},"content":{"rendered":"<div data-elementor-type=\"wp-page\" data-elementor-id=\"1845\" class=\"elementor elementor-1845\" data-elementor-post-type=\"page\">\n\t\t\t\t<div class=\"elementor-element elementor-element-9c02bda e-flex e-con-boxed e-con e-parent\" data-id=\"9c02bda\" data-element_type=\"container\" data-e-type=\"container\" data-settings=\"{&quot;background_background&quot;:&quot;classic&quot;}\">\n\t\t\t\t\t<div class=\"e-con-inner\">\n\t\t<div class=\"elementor-element elementor-element-c4da104 e-con-full e-flex e-con e-child\" data-id=\"c4da104\" data-element_type=\"container\" data-e-type=\"container\">\n\t\t\t\t<div class=\"elementor-element elementor-element-c578cba elementor-widget elementor-widget-image-carousel\" data-id=\"c578cba\" data-element_type=\"widget\" data-e-type=\"widget\" data-settings=\"{&quot;slides_to_show&quot;:&quot;1&quot;,&quot;navigation&quot;:&quot;none&quot;,&quot;lazyload&quot;:&quot;yes&quot;,&quot;autoplay&quot;:&quot;yes&quot;,&quot;autoplay_speed&quot;:5000,&quot;infinite&quot;:&quot;yes&quot;,&quot;effect&quot;:&quot;slide&quot;,&quot;speed&quot;:500}\" data-widget_type=\"image-carousel.default\">\n\t\t\t\t<div class=\"elementor-widget-container\">\n\t\t\t\t\t\t\t<div class=\"elementor-image-carousel-wrapper swiper\" role=\"region\" aria-roledescription=\"carousel\" aria-label=\"Carrusel de im\u00e1genes\" dir=\"ltr\">\n\t\t\t<div class=\"elementor-image-carousel swiper-wrapper swiper-image-stretch\" aria-live=\"off\">\n\t\t\t\t\t\t\t\t<div class=\"swiper-slide\" role=\"group\" aria-roledescription=\"slide\" aria-label=\"1 de 2\"><figure class=\"swiper-slide-inner\"><img class=\"swiper-slide-image swiper-lazy\" data-src=\"https:\/\/atlante.design\/wp-content\/uploads\/elementor\/thumbs\/The-Bedroom-by-Champalimaud-Design_LAppartamento-by-Artemest-_Photo-Credits-Tomaso-Lisca-and-Luca-Argenton-1-scaled-rl2ollpc67ktbxwf79retw6n0t7zkbi6v28u02415s.jpg\" alt=\"The Bedroom by Champalimaud Design_L&#039;Appartamento by Artemest _Photo Credits Tomaso Lisca and Luca Argenton (1)\" \/><div class=\"swiper-lazy-preloader\"><\/div><\/figure><\/div><div class=\"swiper-slide\" role=\"group\" aria-roledescription=\"slide\" aria-label=\"2 de 2\"><figure class=\"swiper-slide-inner\"><img class=\"swiper-slide-image swiper-lazy\" data-src=\"https:\/\/atlante.design\/wp-content\/uploads\/elementor\/thumbs\/DSCF0885-rl2olnl0jvndz5towaknyvpk7kypzppnjbjsym18tc.jpg\" alt=\"DSCF0885\" \/><div class=\"swiper-lazy-preloader\"><\/div><\/figure><\/div>\t\t\t<\/div>\n\t\t\t\t\t\t\t\n\t\t\t\t\t\t\t\t\t<\/div>\n\t\t\t\t\t\t<\/div>\n\t\t\t\t<\/div>\n\t\t\t\t<\/div>\n\t\t<div class=\"elementor-element elementor-element-c076a03 e-con-full e-flex e-con e-child\" data-id=\"c076a03\" data-element_type=\"container\" data-e-type=\"container\">\n\t\t\t\t<div class=\"elementor-element elementor-element-44bd9dd elementor-widget elementor-widget-heading\" data-id=\"44bd9dd\" data-element_type=\"widget\" data-e-type=\"widget\" data-widget_type=\"heading.default\">\n\t\t\t\t<div class=\"elementor-widget-container\">\n\t\t\t\t\t<h1 class=\"elementor-heading-title elementor-size-default\">Sobre nosotros<\/h1>\t\t\t\t<\/div>\n\t\t\t\t<\/div>\n\t\t\t\t<div class=\"elementor-element elementor-element-407b2a4 elementor-widget elementor-widget-text-editor\" data-id=\"407b2a4\" data-element_type=\"widget\" data-e-type=\"widget\" data-widget_type=\"text-editor.default\">\n\t\t\t\t<div class=\"elementor-widget-container\">\n\t\t\t\t\t\t\t\t\t<p><span style=\"font-weight: 400;\">ATLANTE Design se fund\u00f3 en 2021 dentro del ecosistema cultural de EDIT Napoli, una feria internacional dedicada al dise\u00f1o independiente y de autor. Este entorno marc\u00f3 nuestra visi\u00f3n inicial y reforz\u00f3 nuestro compromiso de apoyar a una nueva generaci\u00f3n de dise\u00f1adores y artesanos con una identidad s\u00f3lida y trazable, y una profunda conexi\u00f3n con la producci\u00f3n artesanal.\u00a0<\/span><\/p><p><span style=\"font-weight: 400;\">ATLANTE pretende guiarte en un VIAJE al DISE\u00d1O editorial.<\/span><\/p><p><span style=\"font-weight: 400;\">Actualmente, ATLANTE Design opera como consultora independiente, colaborando estrechamente con creadores, fabricantes, arquitectos, interioristas, minoristas y galer\u00edas. Promovemos el dise\u00f1o contempor\u00e1neo y de autor, as\u00ed como el excepcional saber hacer de artesanos que combinan un profundo conocimiento de los materiales con una voz creativa distintiva.<\/span><\/p><p><span style=\"font-weight: 400;\">Nuestros proyectos abarcan <\/span><b>Instalaciones en los sectores de hosteler\u00eda, comercio minorista, residencial y galer\u00edas de arte en todo el mundo.<\/b><span style=\"font-weight: 400;\">, Siempre guiados por un enfoque en la artesan\u00eda, la innovaci\u00f3n y una cultura de dise\u00f1o significativa.<\/span><\/p>\t\t\t\t\t\t\t\t<\/div>\n\t\t\t\t<\/div>\n\t\t\t\t<\/div>\n\t\t\t\t\t<\/div>\n\t\t\t\t<\/div>\n\t\t<div class=\"elementor-element elementor-element-fac6be1 e-flex e-con-boxed e-con e-parent\" data-id=\"fac6be1\" data-element_type=\"container\" data-e-type=\"container\" data-settings=\"{&quot;background_background&quot;:&quot;classic&quot;}\">\n\t\t\t\t\t<div class=\"e-con-inner\">\n\t\t<div class=\"elementor-element elementor-element-eaf6b31 e-grid e-con-full e-con e-child\" data-id=\"eaf6b31\" data-element_type=\"container\" data-e-type=\"container\">\n\t\t<div class=\"elementor-element elementor-element-e5b3617 e-con-full e-flex e-con e-child\" data-id=\"e5b3617\" data-element_type=\"container\" data-e-type=\"container\">\n\t\t\t\t<div class=\"elementor-element elementor-element-7d798fe elementor-widget elementor-widget-image\" data-id=\"7d798fe\" data-element_type=\"widget\" data-e-type=\"widget\" data-widget_type=\"image.default\">\n\t\t\t\t<div class=\"elementor-widget-container\">\n\t\t\t\t\t\t\t\t\t\t\t\t\t\t\t<img fetchpriority=\"high\" decoding=\"async\" width=\"700\" height=\"700\" src=\"https:\/\/atlante.design\/wp-content\/uploads\/2026\/03\/2.jpg\" class=\"attachment-large size-large wp-image-1851\" alt=\"\" srcset=\"https:\/\/atlante.design\/wp-content\/uploads\/2026\/03\/2.jpg 700w, https:\/\/atlante.design\/wp-content\/uploads\/2026\/03\/2-300x300.jpg 300w, https:\/\/atlante.design\/wp-content\/uploads\/2026\/03\/2-150x150.jpg 150w, https:\/\/atlante.design\/wp-content\/uploads\/2026\/03\/2-12x12.jpg 12w\" sizes=\"(max-width: 700px) 100vw, 700px\" \/>\t\t\t\t\t\t\t\t\t\t\t\t\t\t\t<\/div>\n\t\t\t\t<\/div>\n\t\t\t\t<div class=\"elementor-element elementor-element-51431ff elementor-widget elementor-widget-heading\" data-id=\"51431ff\" data-element_type=\"widget\" data-e-type=\"widget\" data-widget_type=\"heading.default\">\n\t\t\t\t<div class=\"elementor-widget-container\">\n\t\t\t\t\t<h2 class=\"elementor-heading-title elementor-size-default\">SARA DI MAIO<\/h2>\t\t\t\t<\/div>\n\t\t\t\t<\/div>\n\t\t\t\t<div class=\"elementor-element elementor-element-4370916 elementor-widget elementor-widget-text-editor\" data-id=\"4370916\" data-element_type=\"widget\" data-e-type=\"widget\" data-widget_type=\"text-editor.default\">\n\t\t\t\t<div class=\"elementor-widget-container\">\n\t\t\t\t\t\t\t\t\t<p>Me cri\u00e9 entre N\u00e1poles y Roma con un pasaporte lleno de sellos y un ojo entrenado para la belleza, desarrollando mi experiencia en el coraz\u00f3n del dise\u00f1o empresarial de la regi\u00f3n italiana de Las Marcas, en Londres, en las salas de exposici\u00f3n de cocinas de alta gama y en el selecto mundo del m\u00e1rmol de lujo en &#039;Lapicida&#039; y &#039;Salvatori Marmi&#039;.<br \/>No me limit\u00e9 a vender artesan\u00eda, sino que la viv\u00ed, aprendiendo c\u00f3mo piensan los artesanos, c\u00f3mo hablan los materiales y c\u00f3mo se mueven los mercados globales.<br \/>Cuando EDIT Napoli me propuso impulsar a dise\u00f1adores emergentes a trav\u00e9s de la feria y Atlante, acept\u00e9 sin dudarlo. Cuatro a\u00f1os despu\u00e9s, ATLANTE Design es mi propia plataforma curatorial: conecta el talento artesanal con oportunidades de negocio y crea alianzas a largo plazo. S\u00e9 qu\u00e9 dise\u00f1adores y artistas est\u00e1n preparados para qu\u00e9 mercados, c\u00f3mo posicionar la artesan\u00eda al m\u00e1s alto nivel y qu\u00e9 se necesita exactamente para convertir un trabajo excepcional en un \u00e9xito comercial.<\/p>\t\t\t\t\t\t\t\t<\/div>\n\t\t\t\t<\/div>\n\t\t\t\t<\/div>\n\t\t<div class=\"elementor-element elementor-element-4d93a2b e-con-full e-flex e-con e-child\" data-id=\"4d93a2b\" data-element_type=\"container\" data-e-type=\"container\">\n\t\t\t\t<div class=\"elementor-element elementor-element-4783ab0 elementor-widget elementor-widget-image\" data-id=\"4783ab0\" data-element_type=\"widget\" data-e-type=\"widget\" data-widget_type=\"image.default\">\n\t\t\t\t<div class=\"elementor-widget-container\">\n\t\t\t\t\t\t\t\t\t\t\t\t\t\t\t<img decoding=\"async\" width=\"700\" height=\"700\" src=\"https:\/\/atlante.design\/wp-content\/uploads\/2026\/03\/1.jpg\" class=\"attachment-large size-large wp-image-1852\" alt=\"\" srcset=\"https:\/\/atlante.design\/wp-content\/uploads\/2026\/03\/1.jpg 700w, https:\/\/atlante.design\/wp-content\/uploads\/2026\/03\/1-300x300.jpg 300w, https:\/\/atlante.design\/wp-content\/uploads\/2026\/03\/1-150x150.jpg 150w, https:\/\/atlante.design\/wp-content\/uploads\/2026\/03\/1-12x12.jpg 12w\" sizes=\"(max-width: 700px) 100vw, 700px\" \/>\t\t\t\t\t\t\t\t\t\t\t\t\t\t\t<\/div>\n\t\t\t\t<\/div>\n\t\t\t\t<div class=\"elementor-element elementor-element-2e7e430 elementor-widget elementor-widget-heading\" data-id=\"2e7e430\" data-element_type=\"widget\" data-e-type=\"widget\" data-widget_type=\"heading.default\">\n\t\t\t\t<div class=\"elementor-widget-container\">\n\t\t\t\t\t<h2 class=\"elementor-heading-title elementor-size-default\">JACOPO MANGANIELLO<\/h2>\t\t\t\t<\/div>\n\t\t\t\t<\/div>\n\t\t\t\t<div class=\"elementor-element elementor-element-8eddf66 elementor-widget elementor-widget-text-editor\" data-id=\"8eddf66\" data-element_type=\"widget\" data-e-type=\"widget\" data-widget_type=\"text-editor.default\">\n\t\t\t\t<div class=\"elementor-widget-container\">\n\t\t\t\t\t\t\t\t\t<p>Nac\u00ed en Roma y vivo en Mil\u00e1n; me gustan ambas ciudades por diferentes razones. Me gradu\u00e9 en Relaciones Internacionales y me especialic\u00e9 en Negocios Internacionales. Con m\u00e1s de diez a\u00f1os de experiencia en marketing internacional para la formaci\u00f3n en dise\u00f1o y una trayectoria previa en comunicaci\u00f3n para una instituci\u00f3n de arte contempor\u00e1neo, ahora colaboro con instituciones culturales y marcas creativas para ayudarlas a alcanzar sus objetivos mediante estrategias personalizadas. Gestiono proyectos y selecciono contenido tanto en entornos f\u00edsicos como digitales, con un enfoque integral centrado en la creaci\u00f3n de valor.<\/p>\t\t\t\t\t\t\t\t<\/div>\n\t\t\t\t<\/div>\n\t\t\t\t<\/div>\n\t\t\t\t<\/div>\n\t\t\t\t\t<\/div>\n\t\t\t\t<\/div>\n\t\t\t\t<\/div>","protected":false},"excerpt":{"rendered":"<p>About Us ATLANTE Design was founded in 2021 within the cultural ecosystem of EDIT Napoli, an international fair dedicated to independent and authorial design. This environment shaped our early vision and reinforced our commitment to supporting a new generation of designers and artisans with a strong, traceable identity and a deep connection to handcrafted production.\u00a0 [&hellip;]<\/p>\n","protected":false},"author":1,"featured_media":0,"parent":0,"menu_order":0,"comment_status":"closed","ping_status":"closed","template":"","meta":{"footnotes":""},"class_list":["post-1845","page","type-page","status-publish","hentry"],"yoast_head":"<!-- This site is optimized with the Yoast SEO plugin v27.3 - https:\/\/yoast.com\/product\/yoast-seo-wordpress\/ -->\n<title>About us2 - Atlante Design Agency<\/title>\n<meta name=\"robots\" content=\"index, follow, max-snippet:-1, max-image-preview:large, max-video-preview:-1\" \/>\n<link rel=\"canonical\" href=\"https:\/\/atlante.design\/es\/about-us2\/\" \/>\n<meta property=\"og:locale\" content=\"es_ES\" \/>\n<meta property=\"og:type\" content=\"article\" \/>\n<meta property=\"og:title\" content=\"About us2 - Atlante Design Agency\" \/>\n<meta property=\"og:description\" content=\"About Us ATLANTE Design was founded in 2021 within the cultural ecosystem of EDIT Napoli, an international fair dedicated to independent and authorial design. This environment shaped our early vision and reinforced our commitment to supporting a new generation of designers and artisans with a strong, traceable identity and a deep connection to handcrafted production.\u00a0 [&hellip;]\" \/>\n<meta property=\"og:url\" content=\"https:\/\/atlante.design\/es\/about-us2\/\" \/>\n<meta property=\"og:site_name\" content=\"Atlante Design Agency\" \/>\n<meta property=\"article:modified_time\" content=\"2026-03-20T09:08:53+00:00\" \/>\n<meta property=\"og:image\" content=\"https:\/\/atlante.design\/wp-content\/uploads\/elementor\/thumbs\/The-Bedroom-by-Champalimaud-Design_LAppartamento-by-Artemest-_Photo-Credits-Tomaso-Lisca-and-Luca-Argenton-1-scaled-rkokxsz1f3dzdaim0yg4l87he2ayfguqi9djodtiow.jpg\" \/>\n<meta name=\"twitter:card\" content=\"summary_large_image\" \/>\n<meta name=\"twitter:label1\" content=\"Tiempo de lectura\" \/>\n\t<meta name=\"twitter:data1\" content=\"3 minutos\" \/>\n<script type=\"application\/ld+json\" class=\"yoast-schema-graph\">{\"@context\":\"https:\\\/\\\/schema.org\",\"@graph\":[{\"@type\":\"WebPage\",\"@id\":\"https:\\\/\\\/atlante.design\\\/about-us2\\\/\",\"url\":\"https:\\\/\\\/atlante.design\\\/about-us2\\\/\",\"name\":\"About us2 - Atlante Design Agency\",\"isPartOf\":{\"@id\":\"https:\\\/\\\/atlante.design\\\/#website\"},\"primaryImageOfPage\":{\"@id\":\"https:\\\/\\\/atlante.design\\\/about-us2\\\/#primaryimage\"},\"image\":{\"@id\":\"https:\\\/\\\/atlante.design\\\/about-us2\\\/#primaryimage\"},\"thumbnailUrl\":\"https:\\\/\\\/atlante.design\\\/wp-content\\\/uploads\\\/elementor\\\/thumbs\\\/The-Bedroom-by-Champalimaud-Design_LAppartamento-by-Artemest-_Photo-Credits-Tomaso-Lisca-and-Luca-Argenton-1-scaled-rkokxsz1f3dzdaim0yg4l87he2ayfguqi9djodtiow.jpg\",\"datePublished\":\"2026-03-18T09:05:01+00:00\",\"dateModified\":\"2026-03-20T09:08:53+00:00\",\"breadcrumb\":{\"@id\":\"https:\\\/\\\/atlante.design\\\/about-us2\\\/#breadcrumb\"},\"inLanguage\":\"es\",\"potentialAction\":[{\"@type\":\"ReadAction\",\"target\":[\"https:\\\/\\\/atlante.design\\\/about-us2\\\/\"]}]},{\"@type\":\"ImageObject\",\"inLanguage\":\"es\",\"@id\":\"https:\\\/\\\/atlante.design\\\/about-us2\\\/#primaryimage\",\"url\":\"https:\\\/\\\/atlante.design\\\/wp-content\\\/uploads\\\/elementor\\\/thumbs\\\/The-Bedroom-by-Champalimaud-Design_LAppartamento-by-Artemest-_Photo-Credits-Tomaso-Lisca-and-Luca-Argenton-1-scaled-rkokxsz1f3dzdaim0yg4l87he2ayfguqi9djodtiow.jpg\",\"contentUrl\":\"https:\\\/\\\/atlante.design\\\/wp-content\\\/uploads\\\/elementor\\\/thumbs\\\/The-Bedroom-by-Champalimaud-Design_LAppartamento-by-Artemest-_Photo-Credits-Tomaso-Lisca-and-Luca-Argenton-1-scaled-rkokxsz1f3dzdaim0yg4l87he2ayfguqi9djodtiow.jpg\"},{\"@type\":\"BreadcrumbList\",\"@id\":\"https:\\\/\\\/atlante.design\\\/about-us2\\\/#breadcrumb\",\"itemListElement\":[{\"@type\":\"ListItem\",\"position\":1,\"name\":\"Portada\",\"item\":\"https:\\\/\\\/atlante.design\\\/\"},{\"@type\":\"ListItem\",\"position\":2,\"name\":\"About us2\"}]},{\"@type\":\"WebSite\",\"@id\":\"https:\\\/\\\/atlante.design\\\/#website\",\"url\":\"https:\\\/\\\/atlante.design\\\/\",\"name\":\"Atlante Design Agency\",\"description\":\"Global Consulting &amp; Representation for Artists and Designers\",\"potentialAction\":[{\"@type\":\"SearchAction\",\"target\":{\"@type\":\"EntryPoint\",\"urlTemplate\":\"https:\\\/\\\/atlante.design\\\/?s={search_term_string}\"},\"query-input\":{\"@type\":\"PropertyValueSpecification\",\"valueRequired\":true,\"valueName\":\"search_term_string\"}}],\"inLanguage\":\"es\"}]}<\/script>\n<!-- \/ Yoast SEO plugin. -->","yoast_head_json":{"title":"About us2 - Atlante Design Agency","robots":{"index":"index","follow":"follow","max-snippet":"max-snippet:-1","max-image-preview":"max-image-preview:large","max-video-preview":"max-video-preview:-1"},"canonical":"https:\/\/atlante.design\/es\/about-us2\/","og_locale":"es_ES","og_type":"article","og_title":"About us2 - Atlante Design Agency","og_description":"About Us ATLANTE Design was founded in 2021 within the cultural ecosystem of EDIT Napoli, an international fair dedicated to independent and authorial design. This environment shaped our early vision and reinforced our commitment to supporting a new generation of designers and artisans with a strong, traceable identity and a deep connection to handcrafted production.\u00a0 [&hellip;]","og_url":"https:\/\/atlante.design\/es\/about-us2\/","og_site_name":"Atlante Design Agency","article_modified_time":"2026-03-20T09:08:53+00:00","og_image":[{"url":"https:\/\/atlante.design\/wp-content\/uploads\/elementor\/thumbs\/The-Bedroom-by-Champalimaud-Design_LAppartamento-by-Artemest-_Photo-Credits-Tomaso-Lisca-and-Luca-Argenton-1-scaled-rkokxsz1f3dzdaim0yg4l87he2ayfguqi9djodtiow.jpg","type":"","width":"","height":""}],"twitter_card":"summary_large_image","twitter_misc":{"Tiempo de lectura":"3 minutos"},"schema":{"@context":"https:\/\/schema.org","@graph":[{"@type":"WebPage","@id":"https:\/\/atlante.design\/about-us2\/","url":"https:\/\/atlante.design\/about-us2\/","name":"About us2 - Atlante Design Agency","isPartOf":{"@id":"https:\/\/atlante.design\/#website"},"primaryImageOfPage":{"@id":"https:\/\/atlante.design\/about-us2\/#primaryimage"},"image":{"@id":"https:\/\/atlante.design\/about-us2\/#primaryimage"},"thumbnailUrl":"https:\/\/atlante.design\/wp-content\/uploads\/elementor\/thumbs\/The-Bedroom-by-Champalimaud-Design_LAppartamento-by-Artemest-_Photo-Credits-Tomaso-Lisca-and-Luca-Argenton-1-scaled-rkokxsz1f3dzdaim0yg4l87he2ayfguqi9djodtiow.jpg","datePublished":"2026-03-18T09:05:01+00:00","dateModified":"2026-03-20T09:08:53+00:00","breadcrumb":{"@id":"https:\/\/atlante.design\/about-us2\/#breadcrumb"},"inLanguage":"es","potentialAction":[{"@type":"ReadAction","target":["https:\/\/atlante.design\/about-us2\/"]}]},{"@type":"ImageObject","inLanguage":"es","@id":"https:\/\/atlante.design\/about-us2\/#primaryimage","url":"https:\/\/atlante.design\/wp-content\/uploads\/elementor\/thumbs\/The-Bedroom-by-Champalimaud-Design_LAppartamento-by-Artemest-_Photo-Credits-Tomaso-Lisca-and-Luca-Argenton-1-scaled-rkokxsz1f3dzdaim0yg4l87he2ayfguqi9djodtiow.jpg","contentUrl":"https:\/\/atlante.design\/wp-content\/uploads\/elementor\/thumbs\/The-Bedroom-by-Champalimaud-Design_LAppartamento-by-Artemest-_Photo-Credits-Tomaso-Lisca-and-Luca-Argenton-1-scaled-rkokxsz1f3dzdaim0yg4l87he2ayfguqi9djodtiow.jpg"},{"@type":"BreadcrumbList","@id":"https:\/\/atlante.design\/about-us2\/#breadcrumb","itemListElement":[{"@type":"ListItem","position":1,"name":"Portada","item":"https:\/\/atlante.design\/"},{"@type":"ListItem","position":2,"name":"About us2"}]},{"@type":"WebSite","@id":"https:\/\/atlante.design\/#website","url":"https:\/\/atlante.design\/","name":"Atlante Design Agency","description":"Global Consulting &amp; Representation for Artists and Designers","potentialAction":[{"@type":"SearchAction","target":{"@type":"EntryPoint","urlTemplate":"https:\/\/atlante.design\/?s={search_term_string}"},"query-input":{"@type":"PropertyValueSpecification","valueRequired":true,"valueName":"search_term_string"}}],"inLanguage":"es"}]}},"_links":{"self":[{"href":"https:\/\/atlante.design\/es\/wp-json\/wp\/v2\/pages\/1845","targetHints":{"allow":["GET"]}}],"collection":[{"href":"https:\/\/atlante.design\/es\/wp-json\/wp\/v2\/pages"}],"about":[{"href":"https:\/\/atlante.design\/es\/wp-json\/wp\/v2\/types\/page"}],"author":[{"embeddable":true,"href":"https:\/\/atlante.design\/es\/wp-json\/wp\/v2\/users\/1"}],"replies":[{"embeddable":true,"href":"https:\/\/atlante.design\/es\/wp-json\/wp\/v2\/comments?post=1845"}],"version-history":[{"count":0,"href":"https:\/\/atlante.design\/es\/wp-json\/wp\/v2\/pages\/1845\/revisions"}],"wp:attachment":[{"href":"https:\/\/atlante.design\/es\/wp-json\/wp\/v2\/media?parent=1845"}],"curies":[{"name":"wp","href":"https:\/\/api.w.org\/{rel}","templated":true}]}}