{"id":287,"date":"2025-11-03T19:33:15","date_gmt":"2025-11-03T18:33:15","guid":{"rendered":"https:\/\/atlante.design\/?page_id=287"},"modified":"2026-01-30T13:55:22","modified_gmt":"2026-01-30T12:55:22","slug":"about-us","status":"publish","type":"page","link":"https:\/\/atlante.design\/es\/about-us\/","title":{"rendered":"Sobre nosotros"},"content":{"rendered":"<div data-elementor-type=\"wp-page\" data-elementor-id=\"287\" class=\"elementor elementor-287\" data-elementor-post-type=\"page\">\n\t\t\t\t<div class=\"elementor-element elementor-element-9c02bda e-flex e-con-boxed e-con e-parent\" data-id=\"9c02bda\" data-element_type=\"container\" data-e-type=\"container\" data-settings=\"{&quot;background_background&quot;:&quot;classic&quot;}\">\n\t\t\t\t\t<div class=\"e-con-inner\">\n\t\t\t\t<div class=\"elementor-element elementor-element-fe220a2 elementor-widget elementor-widget-heading\" data-id=\"fe220a2\" data-element_type=\"widget\" data-e-type=\"widget\" data-widget_type=\"heading.default\">\n\t\t\t\t<div class=\"elementor-widget-container\">\n\t\t\t\t\t<h1 class=\"elementor-heading-title elementor-size-default\">Conozca Atlante\n<\/h1>\t\t\t\t<\/div>\n\t\t\t\t<\/div>\n\t\t\t\t<div class=\"elementor-element elementor-element-44bd9dd elementor-widget elementor-widget-heading\" data-id=\"44bd9dd\" data-element_type=\"widget\" data-e-type=\"widget\" data-widget_type=\"heading.default\">\n\t\t\t\t<div class=\"elementor-widget-container\">\n\t\t\t\t\t<h2 class=\"elementor-heading-title elementor-size-default\"> Conectando arte, dise\u00f1o y estrategia. <br> con prop\u00f3sito\n\n<\/h2>\t\t\t\t<\/div>\n\t\t\t\t<\/div>\n\t\t\t\t<div class=\"elementor-element elementor-element-407b2a4 elementor-widget elementor-widget-text-editor\" data-id=\"407b2a4\" data-element_type=\"widget\" data-e-type=\"widget\" data-widget_type=\"text-editor.default\">\n\t\t\t\t<div class=\"elementor-widget-container\">\n\t\t\t\t\t\t\t\t\t<p>Somos una agencia de ventas y desarrollo de marca para dise\u00f1adores independientes.<br \/>Nuestra misi\u00f3n es tender un puente entre la creatividad y el comercio. Trabajamos con marcas de dise\u00f1o vanguardistas y de producci\u00f3n limitada para ayudarlas a crecer de forma sostenible, y con compradores que buscan piezas \u00fanicas, con una historia que las haga destacar.<\/p>\t\t\t\t\t\t\t\t<\/div>\n\t\t\t\t<\/div>\n\t\t\t\t<div class=\"elementor-element elementor-element-f0265e9 elementor-widget elementor-widget-image\" data-id=\"f0265e9\" data-element_type=\"widget\" data-e-type=\"widget\" data-widget_type=\"image.default\">\n\t\t\t\t<div class=\"elementor-widget-container\">\n\t\t\t\t\t\t\t\t\t\t\t\t\t\t\t<img fetchpriority=\"high\" decoding=\"async\" width=\"800\" height=\"538\" src=\"https:\/\/atlante.design\/wp-content\/uploads\/2025\/11\/2_Kandela-Y-e-Kandela-U-design-Tramastudio_crediti-Tramastudio_fm-pucciarini-2024-scaled-e1765528213623-1024x688.webp\" class=\"attachment-large size-large wp-image-990\" alt=\"\" srcset=\"https:\/\/atlante.design\/wp-content\/uploads\/2025\/11\/2_Kandela-Y-e-Kandela-U-design-Tramastudio_crediti-Tramastudio_fm-pucciarini-2024-scaled-e1765528213623-1024x688.webp 1024w, https:\/\/atlante.design\/wp-content\/uploads\/2025\/11\/2_Kandela-Y-e-Kandela-U-design-Tramastudio_crediti-Tramastudio_fm-pucciarini-2024-scaled-e1765528213623-300x202.webp 300w, https:\/\/atlante.design\/wp-content\/uploads\/2025\/11\/2_Kandela-Y-e-Kandela-U-design-Tramastudio_crediti-Tramastudio_fm-pucciarini-2024-scaled-e1765528213623-768x516.webp 768w, https:\/\/atlante.design\/wp-content\/uploads\/2025\/11\/2_Kandela-Y-e-Kandela-U-design-Tramastudio_crediti-Tramastudio_fm-pucciarini-2024-scaled-e1765528213623-1536x1032.webp 1536w, https:\/\/atlante.design\/wp-content\/uploads\/2025\/11\/2_Kandela-Y-e-Kandela-U-design-Tramastudio_crediti-Tramastudio_fm-pucciarini-2024-scaled-e1765528213623-2048x1376.webp 2048w\" sizes=\"(max-width: 800px) 100vw, 800px\" \/>\t\t\t\t\t\t\t\t\t\t\t\t\t\t\t<\/div>\n\t\t\t\t<\/div>\n\t\t\t\t\t<\/div>\n\t\t\t\t<\/div>\n\t\t<div class=\"elementor-element elementor-element-fac6be1 e-flex e-con-boxed e-con e-parent\" data-id=\"fac6be1\" data-element_type=\"container\" data-e-type=\"container\" data-settings=\"{&quot;background_background&quot;:&quot;classic&quot;}\">\n\t\t\t\t\t<div class=\"e-con-inner\">\n\t\t\t\t<div class=\"elementor-element elementor-element-e1738a6 elementor-widget elementor-widget-heading\" data-id=\"e1738a6\" data-element_type=\"widget\" data-e-type=\"widget\" data-widget_type=\"heading.default\">\n\t\t\t\t<div class=\"elementor-widget-container\">\n\t\t\t\t\t<div class=\"elementor-heading-title elementor-size-default\">Experiencia y conocimientos<\/div>\t\t\t\t<\/div>\n\t\t\t\t<\/div>\n\t\t\t\t<div class=\"elementor-element elementor-element-5cbf933 elementor-widget elementor-widget-heading\" data-id=\"5cbf933\" data-element_type=\"widget\" data-e-type=\"widget\" data-widget_type=\"heading.default\">\n\t\t\t\t<div class=\"elementor-widget-container\">\n\t\t\t\t\t<h3 class=\"elementor-heading-title elementor-size-default\">Consultando con un alma art\u00edstica\n\n\n\n<\/h3>\t\t\t\t<\/div>\n\t\t\t\t<\/div>\n\t\t<div class=\"elementor-element elementor-element-eaf6b31 e-grid e-con-full e-con e-child\" data-id=\"eaf6b31\" data-element_type=\"container\" data-e-type=\"container\">\n\t\t<div class=\"elementor-element elementor-element-e5b3617 e-con-full e-flex e-con e-child\" data-id=\"e5b3617\" data-element_type=\"container\" data-e-type=\"container\">\n\t\t\t\t<div class=\"elementor-element elementor-element-7d798fe elementor-widget elementor-widget-image\" data-id=\"7d798fe\" data-element_type=\"widget\" data-e-type=\"widget\" data-widget_type=\"image.default\">\n\t\t\t\t<div class=\"elementor-widget-container\">\n\t\t\t\t\t\t\t\t\t\t\t\t\t\t\t<img decoding=\"async\" width=\"800\" height=\"450\" src=\"https:\/\/atlante.design\/wp-content\/uploads\/2025\/11\/artistas-6-1024x576.webp\" class=\"attachment-large size-large wp-image-491\" alt=\"\" srcset=\"https:\/\/atlante.design\/wp-content\/uploads\/2025\/11\/artistas-6-1024x576.webp 1024w, https:\/\/atlante.design\/wp-content\/uploads\/2025\/11\/artistas-6-300x169.webp 300w, https:\/\/atlante.design\/wp-content\/uploads\/2025\/11\/artistas-6-768x432.webp 768w, https:\/\/atlante.design\/wp-content\/uploads\/2025\/11\/artistas-6-1536x864.webp 1536w, https:\/\/atlante.design\/wp-content\/uploads\/2025\/11\/artistas-6.webp 1920w\" sizes=\"(max-width: 800px) 100vw, 800px\" \/>\t\t\t\t\t\t\t\t\t\t\t\t\t\t\t<\/div>\n\t\t\t\t<\/div>\n\t\t\t\t<div class=\"elementor-element elementor-element-e15dd48 elementor-widget elementor-widget-icon-box\" data-id=\"e15dd48\" data-element_type=\"widget\" data-e-type=\"widget\" data-widget_type=\"icon-box.default\">\n\t\t\t\t<div class=\"elementor-widget-container\">\n\t\t\t\t\t\t\t<div class=\"elementor-icon-box-wrapper\">\n\n\t\t\t\n\t\t\t\t\t\t<div class=\"elementor-icon-box-content\">\n\n\t\t\t\t\t\t\t\t\t<div class=\"elementor-icon-box-title\">\n\t\t\t\t\t\t<span  >\n\t\t\t\t\t\t\tSARA DI MAIO\t\t\t\t\t\t<\/span>\n\t\t\t\t\t<\/div>\n\t\t\t\t\n\t\t\t\t\t\t\t\t\t<p class=\"elementor-icon-box-description\">\n\t\t\t\t\t\tCrec\u00ed entre N\u00e1poles y Roma con un pasaporte lleno de sellos y una mirada atenta a la belleza, desarrollando mi experiencia en el coraz\u00f3n del dise\u00f1o emprendedor de la regi\u00f3n italiana de Las Marcas, en Londres, en las exclusivas salas de exposici\u00f3n de cocinas y en el selecto mundo del m\u00e1rmol de lujo en Lapicida y Salvatori Marmi. No solo vend\u00eda artesan\u00eda, sino que la viv\u00eda, aprendiendo c\u00f3mo piensan los creadores, c\u00f3mo hablan los materiales y c\u00f3mo se mueven los mercados globales. Cuando EDIT Napoli me propuso impulsar a dise\u00f1adores emergentes a trav\u00e9s de la feria y Atlante, acept\u00e9 sin dudarlo. Cuatro a\u00f1os despu\u00e9s, ATLANTE Design es mi propio motor curatorial: conecta el talento artesanal con oportunidades de negocio y crea alianzas a largo plazo. S\u00e9 qu\u00e9 dise\u00f1adores y artistas est\u00e1n preparados para qu\u00e9 mercados, c\u00f3mo posicionar la artesan\u00eda al m\u00e1s alto nivel y qu\u00e9 se necesita exactamente para convertir un trabajo excepcional en un \u00e9xito comercial.\n\t\t\t\t\t<\/p>\n\t\t\t\t\n\t\t\t<\/div>\n\t\t\t\n\t\t<\/div>\n\t\t\t\t\t\t<\/div>\n\t\t\t\t<\/div>\n\t\t\t\t<\/div>\n\t\t<div class=\"elementor-element elementor-element-4d93a2b e-con-full e-flex e-con e-child\" data-id=\"4d93a2b\" data-element_type=\"container\" data-e-type=\"container\">\n\t\t\t\t<div class=\"elementor-element elementor-element-511c2c4 elementor-widget elementor-widget-image\" data-id=\"511c2c4\" data-element_type=\"widget\" data-e-type=\"widget\" data-widget_type=\"image.default\">\n\t\t\t\t<div class=\"elementor-widget-container\">\n\t\t\t\t\t\t\t\t\t\t\t\t\t\t\t<img decoding=\"async\" width=\"800\" height=\"450\" src=\"https:\/\/atlante.design\/wp-content\/uploads\/2025\/11\/artistas-10-1024x576.webp\" class=\"attachment-large size-large wp-image-495\" alt=\"\" srcset=\"https:\/\/atlante.design\/wp-content\/uploads\/2025\/11\/artistas-10-1024x576.webp 1024w, https:\/\/atlante.design\/wp-content\/uploads\/2025\/11\/artistas-10-300x169.webp 300w, https:\/\/atlante.design\/wp-content\/uploads\/2025\/11\/artistas-10-768x432.webp 768w, https:\/\/atlante.design\/wp-content\/uploads\/2025\/11\/artistas-10-1536x864.webp 1536w, https:\/\/atlante.design\/wp-content\/uploads\/2025\/11\/artistas-10.webp 1920w\" sizes=\"(max-width: 800px) 100vw, 800px\" \/>\t\t\t\t\t\t\t\t\t\t\t\t\t\t\t<\/div>\n\t\t\t\t<\/div>\n\t\t\t\t<div class=\"elementor-element elementor-element-bf90d14 elementor-widget elementor-widget-icon-box\" data-id=\"bf90d14\" data-element_type=\"widget\" data-e-type=\"widget\" data-widget_type=\"icon-box.default\">\n\t\t\t\t<div class=\"elementor-widget-container\">\n\t\t\t\t\t\t\t<div class=\"elementor-icon-box-wrapper\">\n\n\t\t\t\n\t\t\t\t\t\t<div class=\"elementor-icon-box-content\">\n\n\t\t\t\t\t\t\t\t\t<div class=\"elementor-icon-box-title\">\n\t\t\t\t\t\t<span  >\n\t\t\t\t\t\t\tJACOPO MANGANIELLO\t\t\t\t\t\t<\/span>\n\t\t\t\t\t<\/div>\n\t\t\t\t\n\t\t\t\t\t\t\t\t\t<p class=\"elementor-icon-box-description\">\n\t\t\t\t\t\tNac\u00ed en Roma y vivo en Mil\u00e1n; me gustan ambas ciudades por diferentes razones. Me gradu\u00e9 en Relaciones Internacionales y me especialic\u00e9 en Negocios Internacionales. Con m\u00e1s de diez a\u00f1os de experiencia en marketing internacional para la formaci\u00f3n en dise\u00f1o y una trayectoria previa en comunicaci\u00f3n para una instituci\u00f3n de arte contempor\u00e1neo, ahora colaboro con instituciones culturales y marcas creativas para ayudarlas a alcanzar sus objetivos mediante estrategias personalizadas. Gestiono proyectos y selecciono contenido tanto en entornos f\u00edsicos como digitales, con un enfoque integral centrado en la creaci\u00f3n de valor.\n\t\t\t\t\t<\/p>\n\t\t\t\t\n\t\t\t<\/div>\n\t\t\t\n\t\t<\/div>\n\t\t\t\t\t\t<\/div>\n\t\t\t\t<\/div>\n\t\t\t\t<\/div>\n\t\t\t\t<\/div>\n\t\t\t\t\t<\/div>\n\t\t\t\t<\/div>\n\t\t\t\t<\/div>","protected":false},"excerpt":{"rendered":"<p>get to know Atlante Connecting art, design, and strategy with purpose We are a sales and brand development agency for independent designers.Our mission is to bridge the gap between creativity and commerce. We work with authorial design-forward, limited-production brands to help them grow sustainably \u2014 and with buyers who seek unique, story-driven pieces that stand [&hellip;]<\/p>\n","protected":false},"author":1,"featured_media":0,"parent":0,"menu_order":0,"comment_status":"closed","ping_status":"closed","template":"","meta":{"footnotes":""},"class_list":["post-287","page","type-page","status-publish","hentry"],"yoast_head":"<!-- This site is optimized with the Yoast SEO plugin v27.3 - https:\/\/yoast.com\/product\/yoast-seo-wordpress\/ -->\n<title>About us - Atlante Design Agency<\/title>\n<meta name=\"robots\" content=\"index, follow, max-snippet:-1, max-image-preview:large, max-video-preview:-1\" \/>\n<link rel=\"canonical\" href=\"https:\/\/atlante.design\/es\/about-us\/\" \/>\n<meta property=\"og:locale\" content=\"es_ES\" \/>\n<meta property=\"og:type\" content=\"article\" \/>\n<meta property=\"og:title\" content=\"About us - Atlante Design Agency\" \/>\n<meta property=\"og:description\" content=\"get to know Atlante Connecting art, design, and strategy with purpose We are a sales and brand development agency for independent designers.Our mission is to bridge the gap between creativity and commerce. We work with authorial design-forward, limited-production brands to help them grow sustainably \u2014 and with buyers who seek unique, story-driven pieces that stand [&hellip;]\" \/>\n<meta property=\"og:url\" content=\"https:\/\/atlante.design\/es\/about-us\/\" \/>\n<meta property=\"og:site_name\" content=\"Atlante Design Agency\" \/>\n<meta property=\"article:modified_time\" content=\"2026-01-30T12:55:22+00:00\" \/>\n<meta property=\"og:image\" content=\"https:\/\/atlante.design\/wp-content\/uploads\/2025\/11\/2_Kandela-Y-e-Kandela-U-design-Tramastudio_crediti-Tramastudio_fm-pucciarini-2024-scaled-e1765528213623.webp\" \/>\n\t<meta property=\"og:image:width\" content=\"2560\" \/>\n\t<meta property=\"og:image:height\" content=\"1720\" \/>\n\t<meta property=\"og:image:type\" content=\"image\/webp\" \/>\n<meta name=\"twitter:card\" content=\"summary_large_image\" \/>\n<meta name=\"twitter:label1\" content=\"Tiempo de lectura\" \/>\n\t<meta name=\"twitter:data1\" content=\"1 minuto\" \/>\n<script type=\"application\/ld+json\" class=\"yoast-schema-graph\">{\"@context\":\"https:\\\/\\\/schema.org\",\"@graph\":[{\"@type\":\"WebPage\",\"@id\":\"https:\\\/\\\/atlante.design\\\/about-us\\\/\",\"url\":\"https:\\\/\\\/atlante.design\\\/about-us\\\/\",\"name\":\"About us - Atlante Design Agency\",\"isPartOf\":{\"@id\":\"https:\\\/\\\/atlante.design\\\/#website\"},\"primaryImageOfPage\":{\"@id\":\"https:\\\/\\\/atlante.design\\\/about-us\\\/#primaryimage\"},\"image\":{\"@id\":\"https:\\\/\\\/atlante.design\\\/about-us\\\/#primaryimage\"},\"thumbnailUrl\":\"https:\\\/\\\/atlante.design\\\/wp-content\\\/uploads\\\/2025\\\/11\\\/2_Kandela-Y-e-Kandela-U-design-Tramastudio_crediti-Tramastudio_fm-pucciarini-2024-scaled-e1765528213623-1024x688.webp\",\"datePublished\":\"2025-11-03T18:33:15+00:00\",\"dateModified\":\"2026-01-30T12:55:22+00:00\",\"breadcrumb\":{\"@id\":\"https:\\\/\\\/atlante.design\\\/about-us\\\/#breadcrumb\"},\"inLanguage\":\"es\",\"potentialAction\":[{\"@type\":\"ReadAction\",\"target\":[\"https:\\\/\\\/atlante.design\\\/about-us\\\/\"]}]},{\"@type\":\"ImageObject\",\"inLanguage\":\"es\",\"@id\":\"https:\\\/\\\/atlante.design\\\/about-us\\\/#primaryimage\",\"url\":\"https:\\\/\\\/atlante.design\\\/wp-content\\\/uploads\\\/2025\\\/11\\\/2_Kandela-Y-e-Kandela-U-design-Tramastudio_crediti-Tramastudio_fm-pucciarini-2024-scaled-e1765528213623-1024x688.webp\",\"contentUrl\":\"https:\\\/\\\/atlante.design\\\/wp-content\\\/uploads\\\/2025\\\/11\\\/2_Kandela-Y-e-Kandela-U-design-Tramastudio_crediti-Tramastudio_fm-pucciarini-2024-scaled-e1765528213623-1024x688.webp\"},{\"@type\":\"BreadcrumbList\",\"@id\":\"https:\\\/\\\/atlante.design\\\/about-us\\\/#breadcrumb\",\"itemListElement\":[{\"@type\":\"ListItem\",\"position\":1,\"name\":\"Portada\",\"item\":\"https:\\\/\\\/atlante.design\\\/\"},{\"@type\":\"ListItem\",\"position\":2,\"name\":\"About us\"}]},{\"@type\":\"WebSite\",\"@id\":\"https:\\\/\\\/atlante.design\\\/#website\",\"url\":\"https:\\\/\\\/atlante.design\\\/\",\"name\":\"Atlante Design Agency\",\"description\":\"Global Consulting &amp; Representation for Artists and Designers\",\"potentialAction\":[{\"@type\":\"SearchAction\",\"target\":{\"@type\":\"EntryPoint\",\"urlTemplate\":\"https:\\\/\\\/atlante.design\\\/?s={search_term_string}\"},\"query-input\":{\"@type\":\"PropertyValueSpecification\",\"valueRequired\":true,\"valueName\":\"search_term_string\"}}],\"inLanguage\":\"es\"}]}<\/script>\n<!-- \/ Yoast SEO plugin. -->","yoast_head_json":{"title":"About us - Atlante Design Agency","robots":{"index":"index","follow":"follow","max-snippet":"max-snippet:-1","max-image-preview":"max-image-preview:large","max-video-preview":"max-video-preview:-1"},"canonical":"https:\/\/atlante.design\/es\/about-us\/","og_locale":"es_ES","og_type":"article","og_title":"About us - Atlante Design Agency","og_description":"get to know Atlante Connecting art, design, and strategy with purpose We are a sales and brand development agency for independent designers.Our mission is to bridge the gap between creativity and commerce. We work with authorial design-forward, limited-production brands to help them grow sustainably \u2014 and with buyers who seek unique, story-driven pieces that stand [&hellip;]","og_url":"https:\/\/atlante.design\/es\/about-us\/","og_site_name":"Atlante Design Agency","article_modified_time":"2026-01-30T12:55:22+00:00","og_image":[{"width":2560,"height":1720,"url":"https:\/\/atlante.design\/wp-content\/uploads\/2025\/11\/2_Kandela-Y-e-Kandela-U-design-Tramastudio_crediti-Tramastudio_fm-pucciarini-2024-scaled-e1765528213623.webp","type":"image\/webp"}],"twitter_card":"summary_large_image","twitter_misc":{"Tiempo de lectura":"1 minuto"},"schema":{"@context":"https:\/\/schema.org","@graph":[{"@type":"WebPage","@id":"https:\/\/atlante.design\/about-us\/","url":"https:\/\/atlante.design\/about-us\/","name":"About us - Atlante Design Agency","isPartOf":{"@id":"https:\/\/atlante.design\/#website"},"primaryImageOfPage":{"@id":"https:\/\/atlante.design\/about-us\/#primaryimage"},"image":{"@id":"https:\/\/atlante.design\/about-us\/#primaryimage"},"thumbnailUrl":"https:\/\/atlante.design\/wp-content\/uploads\/2025\/11\/2_Kandela-Y-e-Kandela-U-design-Tramastudio_crediti-Tramastudio_fm-pucciarini-2024-scaled-e1765528213623-1024x688.webp","datePublished":"2025-11-03T18:33:15+00:00","dateModified":"2026-01-30T12:55:22+00:00","breadcrumb":{"@id":"https:\/\/atlante.design\/about-us\/#breadcrumb"},"inLanguage":"es","potentialAction":[{"@type":"ReadAction","target":["https:\/\/atlante.design\/about-us\/"]}]},{"@type":"ImageObject","inLanguage":"es","@id":"https:\/\/atlante.design\/about-us\/#primaryimage","url":"https:\/\/atlante.design\/wp-content\/uploads\/2025\/11\/2_Kandela-Y-e-Kandela-U-design-Tramastudio_crediti-Tramastudio_fm-pucciarini-2024-scaled-e1765528213623-1024x688.webp","contentUrl":"https:\/\/atlante.design\/wp-content\/uploads\/2025\/11\/2_Kandela-Y-e-Kandela-U-design-Tramastudio_crediti-Tramastudio_fm-pucciarini-2024-scaled-e1765528213623-1024x688.webp"},{"@type":"BreadcrumbList","@id":"https:\/\/atlante.design\/about-us\/#breadcrumb","itemListElement":[{"@type":"ListItem","position":1,"name":"Portada","item":"https:\/\/atlante.design\/"},{"@type":"ListItem","position":2,"name":"About us"}]},{"@type":"WebSite","@id":"https:\/\/atlante.design\/#website","url":"https:\/\/atlante.design\/","name":"Atlante Design Agency","description":"Global Consulting &amp; Representation for Artists and Designers","potentialAction":[{"@type":"SearchAction","target":{"@type":"EntryPoint","urlTemplate":"https:\/\/atlante.design\/?s={search_term_string}"},"query-input":{"@type":"PropertyValueSpecification","valueRequired":true,"valueName":"search_term_string"}}],"inLanguage":"es"}]}},"_links":{"self":[{"href":"https:\/\/atlante.design\/es\/wp-json\/wp\/v2\/pages\/287","targetHints":{"allow":["GET"]}}],"collection":[{"href":"https:\/\/atlante.design\/es\/wp-json\/wp\/v2\/pages"}],"about":[{"href":"https:\/\/atlante.design\/es\/wp-json\/wp\/v2\/types\/page"}],"author":[{"embeddable":true,"href":"https:\/\/atlante.design\/es\/wp-json\/wp\/v2\/users\/1"}],"replies":[{"embeddable":true,"href":"https:\/\/atlante.design\/es\/wp-json\/wp\/v2\/comments?post=287"}],"version-history":[{"count":0,"href":"https:\/\/atlante.design\/es\/wp-json\/wp\/v2\/pages\/287\/revisions"}],"wp:attachment":[{"href":"https:\/\/atlante.design\/es\/wp-json\/wp\/v2\/media?parent=287"}],"curies":[{"name":"wp","href":"https:\/\/api.w.org\/{rel}","templated":true}]}}