{"id":288,"date":"2025-11-03T19:33:50","date_gmt":"2025-11-03T18:33:50","guid":{"rendered":"https:\/\/atlante.design\/?page_id=288"},"modified":"2025-12-12T09:45:44","modified_gmt":"2025-12-12T08:45:44","slug":"commercial-strategy-and-representation-for-artists","status":"publish","type":"page","link":"https:\/\/atlante.design\/es\/commercial-strategy-and-representation-for-artists\/","title":{"rendered":"Estrategia comercial y representaci\u00f3n para artistas"},"content":{"rendered":"<div data-elementor-type=\"wp-page\" data-elementor-id=\"288\" class=\"elementor elementor-288\" data-elementor-post-type=\"page\">\n\t\t\t\t<div class=\"elementor-element elementor-element-1817d50 e-flex e-con-boxed e-con e-parent\" data-id=\"1817d50\" data-element_type=\"container\" data-e-type=\"container\" data-settings=\"{&quot;background_background&quot;:&quot;classic&quot;}\">\n\t\t\t\t\t<div class=\"e-con-inner\">\n\t\t\t\t<div class=\"elementor-element elementor-element-1798a7b elementor-widget elementor-widget-heading\" data-id=\"1798a7b\" data-element_type=\"widget\" data-e-type=\"widget\" data-widget_type=\"heading.default\">\n\t\t\t\t<div class=\"elementor-widget-container\">\n\t\t\t\t\t<h1 class=\"elementor-heading-title elementor-size-default\">Estrategia comercial y representaci\u00f3n de artistas <\/h1>\t\t\t\t<\/div>\n\t\t\t\t<\/div>\n\t\t\t\t<div class=\"elementor-element elementor-element-0d8838b elementor-widget elementor-widget-heading\" data-id=\"0d8838b\" data-element_type=\"widget\" data-e-type=\"widget\" data-widget_type=\"heading.default\">\n\t\t\t\t<div class=\"elementor-widget-container\">\n\t\t\t\t\t<h2 class=\"elementor-heading-title elementor-size-default\">Apoyo integral y marketing para dise\u00f1adores y artistas. \n<\/h2>\t\t\t\t<\/div>\n\t\t\t\t<\/div>\n\t\t\t\t<div class=\"elementor-element elementor-element-d8d3ada elementor-widget elementor-widget-text-editor\" data-id=\"d8d3ada\" data-element_type=\"widget\" data-e-type=\"widget\" data-widget_type=\"text-editor.default\">\n\t\t\t\t<div class=\"elementor-widget-container\">\n\t\t\t\t\t\t\t\t\t<p>Nuestro enfoque combina estrategia comercial, representaci\u00f3n de artistas, desarrollo de marca y consultor\u00eda de marketing en un \u00fanico servicio integrado dise\u00f1ado para fortalecer la visibilidad, ampliar las oportunidades y respaldar el crecimiento a largo plazo.<\/p>\t\t\t\t\t\t\t\t<\/div>\n\t\t\t\t<\/div>\n\t\t\t\t<div class=\"elementor-element elementor-element-ce9fac0 elementor-widget elementor-widget-image\" data-id=\"ce9fac0\" data-element_type=\"widget\" data-e-type=\"widget\" data-widget_type=\"image.default\">\n\t\t\t\t<div class=\"elementor-widget-container\">\n\t\t\t\t\t\t\t\t\t\t\t\t\t\t\t<img fetchpriority=\"high\" decoding=\"async\" width=\"800\" height=\"480\" src=\"https:\/\/atlante.design\/wp-content\/uploads\/2025\/11\/Photo-11-11-23-07-29-41-1024x615.webp\" class=\"attachment-large size-large wp-image-959\" alt=\"\" srcset=\"https:\/\/atlante.design\/wp-content\/uploads\/2025\/11\/Photo-11-11-23-07-29-41-1024x615.webp 1024w, https:\/\/atlante.design\/wp-content\/uploads\/2025\/11\/Photo-11-11-23-07-29-41-300x180.webp 300w, https:\/\/atlante.design\/wp-content\/uploads\/2025\/11\/Photo-11-11-23-07-29-41-768x461.webp 768w, https:\/\/atlante.design\/wp-content\/uploads\/2025\/11\/Photo-11-11-23-07-29-41-1536x922.webp 1536w, https:\/\/atlante.design\/wp-content\/uploads\/2025\/11\/Photo-11-11-23-07-29-41-2048x1229.webp 2048w\" sizes=\"(max-width: 800px) 100vw, 800px\" \/>\t\t\t\t\t\t\t\t\t\t\t\t\t\t\t<\/div>\n\t\t\t\t<\/div>\n\t\t\t\t\t<\/div>\n\t\t\t\t<\/div>\n\t\t<div class=\"elementor-element elementor-element-c2ab18f e-flex e-con-boxed e-con e-parent\" data-id=\"c2ab18f\" data-element_type=\"container\" data-e-type=\"container\" data-settings=\"{&quot;background_background&quot;:&quot;classic&quot;}\">\n\t\t\t\t\t<div class=\"e-con-inner\">\n\t\t<div class=\"elementor-element elementor-element-562275d e-con-full e-flex e-con e-child\" data-id=\"562275d\" data-element_type=\"container\" data-e-type=\"container\" data-settings=\"{&quot;background_background&quot;:&quot;classic&quot;}\">\n\t\t\t\t<\/div>\n\t\t<div class=\"elementor-element elementor-element-f24032c e-con-full e-flex e-con e-child\" data-id=\"f24032c\" data-element_type=\"container\" data-e-type=\"container\">\n\t\t\t\t<div class=\"elementor-element elementor-element-f142fa9 elementor-widget elementor-widget-heading\" data-id=\"f142fa9\" data-element_type=\"widget\" data-e-type=\"widget\" data-widget_type=\"heading.default\">\n\t\t\t\t<div class=\"elementor-widget-container\">\n\t\t\t\t\t<h2 class=\"elementor-heading-title elementor-size-default\">Representaci\u00f3n estrat\u00e9gica y desarrollo de negocios\n\n\n<\/h2>\t\t\t\t<\/div>\n\t\t\t\t<\/div>\n\t\t\t\t<div class=\"elementor-element elementor-element-30c166f elementor-widget elementor-widget-text-editor\" data-id=\"30c166f\" data-element_type=\"widget\" data-e-type=\"widget\" data-widget_type=\"text-editor.default\">\n\t\t\t\t<div class=\"elementor-widget-container\">\n\t\t\t\t\t\t\t\t\t<p>Actuamos como socio estrat\u00e9gico para artistas y dise\u00f1adores que buscan crecer en los mercados locales y globales.<br \/>C\u00f3mo te apoyamos:<\/p>\t\t\t\t\t\t\t\t<\/div>\n\t\t\t\t<\/div>\n\t\t<div class=\"elementor-element elementor-element-27e835a e-con-full e-grid e-con e-child\" data-id=\"27e835a\" data-element_type=\"container\" data-e-type=\"container\">\n\t\t<div class=\"elementor-element elementor-element-d47779e e-con-full e-flex e-con e-child\" data-id=\"d47779e\" data-element_type=\"container\" data-e-type=\"container\">\n\t\t\t\t<div class=\"elementor-element elementor-element-bea79e9 elementor-widget__width-initial elementor-widget elementor-widget-heading\" data-id=\"bea79e9\" data-element_type=\"widget\" data-e-type=\"widget\" data-widget_type=\"heading.default\">\n\t\t\t\t<div class=\"elementor-widget-container\">\n\t\t\t\t\t<div class=\"elementor-heading-title elementor-size-default\">01<\/div>\t\t\t\t<\/div>\n\t\t\t\t<\/div>\n\t\t\t\t<div class=\"elementor-element elementor-element-3964a2a elementor-widget__width-initial elementor-widget elementor-widget-heading\" data-id=\"3964a2a\" data-element_type=\"widget\" data-e-type=\"widget\" data-widget_type=\"heading.default\">\n\t\t\t\t<div class=\"elementor-widget-container\">\n\t\t\t\t\t<div class=\"elementor-heading-title elementor-size-default\">Definici\u00f3n de precios y estrategia comercial\n\n<\/div>\t\t\t\t<\/div>\n\t\t\t\t<\/div>\n\t\t\t\t<\/div>\n\t\t<div class=\"elementor-element elementor-element-c18c048 e-con-full e-flex e-con e-child\" data-id=\"c18c048\" data-element_type=\"container\" data-e-type=\"container\">\n\t\t\t\t<div class=\"elementor-element elementor-element-980f8ac elementor-widget__width-initial elementor-widget elementor-widget-heading\" data-id=\"980f8ac\" data-element_type=\"widget\" data-e-type=\"widget\" data-widget_type=\"heading.default\">\n\t\t\t\t<div class=\"elementor-widget-container\">\n\t\t\t\t\t<div class=\"elementor-heading-title elementor-size-default\">02<\/div>\t\t\t\t<\/div>\n\t\t\t\t<\/div>\n\t\t\t\t<div class=\"elementor-element elementor-element-08a992a elementor-widget__width-initial elementor-widget elementor-widget-heading\" data-id=\"08a992a\" data-element_type=\"widget\" data-e-type=\"widget\" data-widget_type=\"heading.default\">\n\t\t\t\t<div class=\"elementor-widget-container\">\n\t\t\t\t\t<div class=\"elementor-heading-title elementor-size-default\">Establecer relaciones con galer\u00edas, minoristas y clientes de dise\u00f1o.\n\n<\/div>\t\t\t\t<\/div>\n\t\t\t\t<\/div>\n\t\t\t\t<\/div>\n\t\t<div class=\"elementor-element elementor-element-a3a8ce6 e-con-full e-flex e-con e-child\" data-id=\"a3a8ce6\" data-element_type=\"container\" data-e-type=\"container\">\n\t\t\t\t<div class=\"elementor-element elementor-element-51a1a5f elementor-widget__width-initial elementor-widget elementor-widget-heading\" data-id=\"51a1a5f\" data-element_type=\"widget\" data-e-type=\"widget\" data-widget_type=\"heading.default\">\n\t\t\t\t<div class=\"elementor-widget-container\">\n\t\t\t\t\t<div class=\"elementor-heading-title elementor-size-default\">03<\/div>\t\t\t\t<\/div>\n\t\t\t\t<\/div>\n\t\t\t\t<div class=\"elementor-element elementor-element-fddbb41 elementor-widget__width-initial elementor-widget elementor-widget-heading\" data-id=\"fddbb41\" data-element_type=\"widget\" data-e-type=\"widget\" data-widget_type=\"heading.default\">\n\t\t\t\t<div class=\"elementor-widget-container\">\n\t\t\t\t\t<div class=\"elementor-heading-title elementor-size-default\">Creaci\u00f3n de materiales profesionales (portafolios, presentaciones, declaraciones de artista)\n<\/div>\t\t\t\t<\/div>\n\t\t\t\t<\/div>\n\t\t\t\t<\/div>\n\t\t<div class=\"elementor-element elementor-element-7016c80 e-con-full e-flex e-con e-child\" data-id=\"7016c80\" data-element_type=\"container\" data-e-type=\"container\">\n\t\t\t\t<div class=\"elementor-element elementor-element-290b5e4 elementor-widget__width-initial elementor-widget elementor-widget-heading\" data-id=\"290b5e4\" data-element_type=\"widget\" data-e-type=\"widget\" data-widget_type=\"heading.default\">\n\t\t\t\t<div class=\"elementor-widget-container\">\n\t\t\t\t\t<div class=\"elementor-heading-title elementor-size-default\">04<\/div>\t\t\t\t<\/div>\n\t\t\t\t<\/div>\n\t\t\t\t<div class=\"elementor-element elementor-element-883083a elementor-widget__width-initial elementor-widget elementor-widget-heading\" data-id=\"883083a\" data-element_type=\"widget\" data-e-type=\"widget\" data-widget_type=\"heading.default\">\n\t\t\t\t<div class=\"elementor-widget-container\">\n\t\t\t\t\t<div class=\"elementor-heading-title elementor-size-default\">Dar forma a una narrativa de marca s\u00f3lida y coherente\n<\/div>\t\t\t\t<\/div>\n\t\t\t\t<\/div>\n\t\t\t\t<\/div>\n\t\t<div class=\"elementor-element elementor-element-f35cb2b e-con-full e-flex e-con e-child\" data-id=\"f35cb2b\" data-element_type=\"container\" data-e-type=\"container\">\n\t\t\t\t<div class=\"elementor-element elementor-element-13924f0 elementor-widget__width-initial elementor-widget elementor-widget-heading\" data-id=\"13924f0\" data-element_type=\"widget\" data-e-type=\"widget\" data-widget_type=\"heading.default\">\n\t\t\t\t<div class=\"elementor-widget-container\">\n\t\t\t\t\t<div class=\"elementor-heading-title elementor-size-default\">05<\/div>\t\t\t\t<\/div>\n\t\t\t\t<\/div>\n\t\t\t\t<div class=\"elementor-element elementor-element-a7c68e8 elementor-widget__width-initial elementor-widget elementor-widget-heading\" data-id=\"a7c68e8\" data-element_type=\"widget\" data-e-type=\"widget\" data-widget_type=\"heading.default\">\n\t\t\t\t<div class=\"elementor-widget-container\">\n\t\t\t\t\t<div class=\"elementor-heading-title elementor-size-default\">Apoyo a la negociaci\u00f3n y al posicionamiento en el mercado.\n<\/div>\t\t\t\t<\/div>\n\t\t\t\t<\/div>\n\t\t\t\t<\/div>\n\t\t\t\t<\/div>\n\t\t\t\t<div class=\"elementor-element elementor-element-0115b97 elementor-widget elementor-widget-text-editor\" data-id=\"0115b97\" data-element_type=\"widget\" data-e-type=\"widget\" data-widget_type=\"text-editor.default\">\n\t\t\t\t<div class=\"elementor-widget-container\">\n\t\t\t\t\t\t\t\t\t<p>Nuestro objetivo: transformar tu potencial creativo en un crecimiento empresarial sostenible.<\/p>\t\t\t\t\t\t\t\t<\/div>\n\t\t\t\t<\/div>\n\t\t\t\t<\/div>\n\t\t\t\t\t<\/div>\n\t\t\t\t<\/div>\n\t\t\t\t<\/div>","protected":false},"excerpt":{"rendered":"<p>Commercial strategy and artist representation Comprehensive support and marketing for designers and artists Our approach combines commercial strategy, artist representation, brand development and marketing consulting into a single, integrated service designed to strengthen visibility, expand opportunities, and support long-term growth. Strategic representation &amp; Business development We act as a strategic partner for artists and designers [&hellip;]<\/p>\n","protected":false},"author":1,"featured_media":0,"parent":0,"menu_order":0,"comment_status":"closed","ping_status":"closed","template":"","meta":{"footnotes":""},"class_list":["post-288","page","type-page","status-publish","hentry"],"yoast_head":"<!-- This site is optimized with the Yoast SEO plugin v27.3 - https:\/\/yoast.com\/product\/yoast-seo-wordpress\/ -->\n<title>Commercial strategy and representation for artists - Atlante Design Agency<\/title>\n<meta name=\"robots\" content=\"index, follow, max-snippet:-1, max-image-preview:large, max-video-preview:-1\" \/>\n<link rel=\"canonical\" href=\"https:\/\/atlante.design\/es\/commercial-strategy-and-representation-for-artists\/\" \/>\n<meta property=\"og:locale\" content=\"es_ES\" \/>\n<meta property=\"og:type\" content=\"article\" \/>\n<meta property=\"og:title\" content=\"Commercial strategy and representation for artists - Atlante Design Agency\" \/>\n<meta property=\"og:description\" content=\"Commercial strategy and artist representation Comprehensive support and marketing for designers and artists Our approach combines commercial strategy, artist representation, brand development and marketing consulting into a single, integrated service designed to strengthen visibility, expand opportunities, and support long-term growth. Strategic representation &amp; Business development We act as a strategic partner for artists and designers [&hellip;]\" \/>\n<meta property=\"og:url\" content=\"https:\/\/atlante.design\/es\/commercial-strategy-and-representation-for-artists\/\" \/>\n<meta property=\"og:site_name\" content=\"Atlante Design Agency\" \/>\n<meta property=\"article:modified_time\" content=\"2025-12-12T08:45:44+00:00\" \/>\n<meta property=\"og:image\" content=\"https:\/\/atlante.design\/wp-content\/uploads\/2025\/11\/Photo-11-11-23-07-29-41-scaled.webp\" \/>\n\t<meta property=\"og:image:width\" content=\"2560\" \/>\n\t<meta property=\"og:image:height\" content=\"1536\" \/>\n\t<meta property=\"og:image:type\" content=\"image\/webp\" \/>\n<meta name=\"twitter:card\" content=\"summary_large_image\" \/>\n<meta name=\"twitter:label1\" content=\"Tiempo de lectura\" \/>\n\t<meta name=\"twitter:data1\" content=\"1 minuto\" \/>\n<script type=\"application\/ld+json\" class=\"yoast-schema-graph\">{\"@context\":\"https:\\\/\\\/schema.org\",\"@graph\":[{\"@type\":\"WebPage\",\"@id\":\"https:\\\/\\\/atlante.design\\\/commercial-strategy-and-representation-for-artists\\\/\",\"url\":\"https:\\\/\\\/atlante.design\\\/commercial-strategy-and-representation-for-artists\\\/\",\"name\":\"Commercial strategy and representation for artists - Atlante Design Agency\",\"isPartOf\":{\"@id\":\"https:\\\/\\\/atlante.design\\\/#website\"},\"primaryImageOfPage\":{\"@id\":\"https:\\\/\\\/atlante.design\\\/commercial-strategy-and-representation-for-artists\\\/#primaryimage\"},\"image\":{\"@id\":\"https:\\\/\\\/atlante.design\\\/commercial-strategy-and-representation-for-artists\\\/#primaryimage\"},\"thumbnailUrl\":\"https:\\\/\\\/atlante.design\\\/wp-content\\\/uploads\\\/2025\\\/11\\\/Photo-11-11-23-07-29-41-1024x615.webp\",\"datePublished\":\"2025-11-03T18:33:50+00:00\",\"dateModified\":\"2025-12-12T08:45:44+00:00\",\"breadcrumb\":{\"@id\":\"https:\\\/\\\/atlante.design\\\/commercial-strategy-and-representation-for-artists\\\/#breadcrumb\"},\"inLanguage\":\"es\",\"potentialAction\":[{\"@type\":\"ReadAction\",\"target\":[\"https:\\\/\\\/atlante.design\\\/commercial-strategy-and-representation-for-artists\\\/\"]}]},{\"@type\":\"ImageObject\",\"inLanguage\":\"es\",\"@id\":\"https:\\\/\\\/atlante.design\\\/commercial-strategy-and-representation-for-artists\\\/#primaryimage\",\"url\":\"https:\\\/\\\/atlante.design\\\/wp-content\\\/uploads\\\/2025\\\/11\\\/Photo-11-11-23-07-29-41-1024x615.webp\",\"contentUrl\":\"https:\\\/\\\/atlante.design\\\/wp-content\\\/uploads\\\/2025\\\/11\\\/Photo-11-11-23-07-29-41-1024x615.webp\"},{\"@type\":\"BreadcrumbList\",\"@id\":\"https:\\\/\\\/atlante.design\\\/commercial-strategy-and-representation-for-artists\\\/#breadcrumb\",\"itemListElement\":[{\"@type\":\"ListItem\",\"position\":1,\"name\":\"Portada\",\"item\":\"https:\\\/\\\/atlante.design\\\/\"},{\"@type\":\"ListItem\",\"position\":2,\"name\":\"Commercial strategy and representation for artists\"}]},{\"@type\":\"WebSite\",\"@id\":\"https:\\\/\\\/atlante.design\\\/#website\",\"url\":\"https:\\\/\\\/atlante.design\\\/\",\"name\":\"Atlante Design Agency\",\"description\":\"Global Consulting &amp; Representation for Artists and Designers\",\"potentialAction\":[{\"@type\":\"SearchAction\",\"target\":{\"@type\":\"EntryPoint\",\"urlTemplate\":\"https:\\\/\\\/atlante.design\\\/?s={search_term_string}\"},\"query-input\":{\"@type\":\"PropertyValueSpecification\",\"valueRequired\":true,\"valueName\":\"search_term_string\"}}],\"inLanguage\":\"es\"}]}<\/script>\n<!-- \/ Yoast SEO plugin. -->","yoast_head_json":{"title":"Commercial strategy and representation for artists - Atlante Design Agency","robots":{"index":"index","follow":"follow","max-snippet":"max-snippet:-1","max-image-preview":"max-image-preview:large","max-video-preview":"max-video-preview:-1"},"canonical":"https:\/\/atlante.design\/es\/commercial-strategy-and-representation-for-artists\/","og_locale":"es_ES","og_type":"article","og_title":"Commercial strategy and representation for artists - Atlante Design Agency","og_description":"Commercial strategy and artist representation Comprehensive support and marketing for designers and artists Our approach combines commercial strategy, artist representation, brand development and marketing consulting into a single, integrated service designed to strengthen visibility, expand opportunities, and support long-term growth. Strategic representation &amp; Business development We act as a strategic partner for artists and designers [&hellip;]","og_url":"https:\/\/atlante.design\/es\/commercial-strategy-and-representation-for-artists\/","og_site_name":"Atlante Design Agency","article_modified_time":"2025-12-12T08:45:44+00:00","og_image":[{"width":2560,"height":1536,"url":"https:\/\/atlante.design\/wp-content\/uploads\/2025\/11\/Photo-11-11-23-07-29-41-scaled.webp","type":"image\/webp"}],"twitter_card":"summary_large_image","twitter_misc":{"Tiempo de lectura":"1 minuto"},"schema":{"@context":"https:\/\/schema.org","@graph":[{"@type":"WebPage","@id":"https:\/\/atlante.design\/commercial-strategy-and-representation-for-artists\/","url":"https:\/\/atlante.design\/commercial-strategy-and-representation-for-artists\/","name":"Commercial strategy and representation for artists - Atlante Design Agency","isPartOf":{"@id":"https:\/\/atlante.design\/#website"},"primaryImageOfPage":{"@id":"https:\/\/atlante.design\/commercial-strategy-and-representation-for-artists\/#primaryimage"},"image":{"@id":"https:\/\/atlante.design\/commercial-strategy-and-representation-for-artists\/#primaryimage"},"thumbnailUrl":"https:\/\/atlante.design\/wp-content\/uploads\/2025\/11\/Photo-11-11-23-07-29-41-1024x615.webp","datePublished":"2025-11-03T18:33:50+00:00","dateModified":"2025-12-12T08:45:44+00:00","breadcrumb":{"@id":"https:\/\/atlante.design\/commercial-strategy-and-representation-for-artists\/#breadcrumb"},"inLanguage":"es","potentialAction":[{"@type":"ReadAction","target":["https:\/\/atlante.design\/commercial-strategy-and-representation-for-artists\/"]}]},{"@type":"ImageObject","inLanguage":"es","@id":"https:\/\/atlante.design\/commercial-strategy-and-representation-for-artists\/#primaryimage","url":"https:\/\/atlante.design\/wp-content\/uploads\/2025\/11\/Photo-11-11-23-07-29-41-1024x615.webp","contentUrl":"https:\/\/atlante.design\/wp-content\/uploads\/2025\/11\/Photo-11-11-23-07-29-41-1024x615.webp"},{"@type":"BreadcrumbList","@id":"https:\/\/atlante.design\/commercial-strategy-and-representation-for-artists\/#breadcrumb","itemListElement":[{"@type":"ListItem","position":1,"name":"Portada","item":"https:\/\/atlante.design\/"},{"@type":"ListItem","position":2,"name":"Commercial strategy and representation for artists"}]},{"@type":"WebSite","@id":"https:\/\/atlante.design\/#website","url":"https:\/\/atlante.design\/","name":"Atlante Design Agency","description":"Global Consulting &amp; Representation for Artists and Designers","potentialAction":[{"@type":"SearchAction","target":{"@type":"EntryPoint","urlTemplate":"https:\/\/atlante.design\/?s={search_term_string}"},"query-input":{"@type":"PropertyValueSpecification","valueRequired":true,"valueName":"search_term_string"}}],"inLanguage":"es"}]}},"_links":{"self":[{"href":"https:\/\/atlante.design\/es\/wp-json\/wp\/v2\/pages\/288","targetHints":{"allow":["GET"]}}],"collection":[{"href":"https:\/\/atlante.design\/es\/wp-json\/wp\/v2\/pages"}],"about":[{"href":"https:\/\/atlante.design\/es\/wp-json\/wp\/v2\/types\/page"}],"author":[{"embeddable":true,"href":"https:\/\/atlante.design\/es\/wp-json\/wp\/v2\/users\/1"}],"replies":[{"embeddable":true,"href":"https:\/\/atlante.design\/es\/wp-json\/wp\/v2\/comments?post=288"}],"version-history":[{"count":0,"href":"https:\/\/atlante.design\/es\/wp-json\/wp\/v2\/pages\/288\/revisions"}],"wp:attachment":[{"href":"https:\/\/atlante.design\/es\/wp-json\/wp\/v2\/media?parent=288"}],"curies":[{"name":"wp","href":"https:\/\/api.w.org\/{rel}","templated":true}]}}