{"id":289,"date":"2025-11-03T19:34:17","date_gmt":"2025-11-03T18:34:17","guid":{"rendered":"https:\/\/atlante.design\/?page_id=289"},"modified":"2026-01-29T16:08:50","modified_gmt":"2026-01-29T15:08:50","slug":"marketing-consulting","status":"publish","type":"page","link":"https:\/\/atlante.design\/es\/marketing-consulting\/","title":{"rendered":"Consultor\u00eda de marketing"},"content":{"rendered":"<div data-elementor-type=\"wp-page\" data-elementor-id=\"289\" class=\"elementor elementor-289\" data-elementor-post-type=\"page\">\n\t\t\t\t<div class=\"elementor-element elementor-element-01fa469 e-flex e-con-boxed e-con e-parent\" data-id=\"01fa469\" data-element_type=\"container\" data-e-type=\"container\" data-settings=\"{&quot;background_background&quot;:&quot;classic&quot;}\">\n\t\t\t\t\t<div class=\"e-con-inner\">\n\t\t\t\t<div class=\"elementor-element elementor-element-f64f9ee elementor-widget elementor-widget-heading\" data-id=\"f64f9ee\" data-element_type=\"widget\" data-e-type=\"widget\" data-widget_type=\"heading.default\">\n\t\t\t\t<div class=\"elementor-widget-container\">\n\t\t\t\t\t<h1 class=\"elementor-heading-title elementor-size-default\">Estrategia comercial y representaci\u00f3n de artistas\n\n\n<\/h1>\t\t\t\t<\/div>\n\t\t\t\t<\/div>\n\t\t\t\t\t<\/div>\n\t\t\t\t<\/div>\n\t\t<div class=\"elementor-element elementor-element-a833fc9 e-flex e-con-boxed e-con e-parent\" data-id=\"a833fc9\" data-element_type=\"container\" data-e-type=\"container\" data-settings=\"{&quot;background_background&quot;:&quot;classic&quot;}\">\n\t\t\t\t\t<div class=\"e-con-inner\">\n\t\t\t\t<div class=\"elementor-element elementor-element-a0f1911 elementor-widget elementor-widget-heading\" data-id=\"a0f1911\" data-element_type=\"widget\" data-e-type=\"widget\" data-widget_type=\"heading.default\">\n\t\t\t\t<div class=\"elementor-widget-container\">\n\t\t\t\t\t<h2 class=\"elementor-heading-title elementor-size-default\">Desde la estrategia de marca hasta las ferias internacionales y las colaboraciones creativas.\n<\/h2>\t\t\t\t<\/div>\n\t\t\t\t<\/div>\n\t\t\t\t<div class=\"elementor-element elementor-element-8bd2690 elementor-widget elementor-widget-text-editor\" data-id=\"8bd2690\" data-element_type=\"widget\" data-e-type=\"widget\" data-widget_type=\"text-editor.default\">\n\t\t\t\t<div class=\"elementor-widget-container\">\n\t\t\t\t\t\t\t\t\t<p>En Atlante, ayudamos a artistas, dise\u00f1adores y estudios creativos a construir una presencia s\u00f3lida y coherente en los mercados del arte y el dise\u00f1o a trav\u00e9s de un enfoque integral de consultor\u00eda de marketing.<br \/>Conectamos tu identidad art\u00edstica con estrategias efectivas de comunicaci\u00f3n, marca y eventos que mejoran tu visibilidad y tus oportunidades profesionales, tanto a nivel local como internacional.<\/p>\t\t\t\t\t\t\t\t<\/div>\n\t\t\t\t<\/div>\n\t\t\t\t<div class=\"elementor-element elementor-element-65352c9 elementor-widget elementor-widget-image\" data-id=\"65352c9\" data-element_type=\"widget\" data-e-type=\"widget\" data-widget_type=\"image.default\">\n\t\t\t\t<div class=\"elementor-widget-container\">\n\t\t\t\t\t\t\t\t\t\t\t\t\t\t\t<img fetchpriority=\"high\" decoding=\"async\" width=\"800\" height=\"450\" src=\"https:\/\/atlante.design\/wp-content\/uploads\/2025\/11\/marketing-3-1024x576.webp\" class=\"attachment-large size-large wp-image-513\" alt=\"\" srcset=\"https:\/\/atlante.design\/wp-content\/uploads\/2025\/11\/marketing-3-1024x576.webp 1024w, https:\/\/atlante.design\/wp-content\/uploads\/2025\/11\/marketing-3-300x169.webp 300w, https:\/\/atlante.design\/wp-content\/uploads\/2025\/11\/marketing-3-768x432.webp 768w, https:\/\/atlante.design\/wp-content\/uploads\/2025\/11\/marketing-3-1536x864.webp 1536w, https:\/\/atlante.design\/wp-content\/uploads\/2025\/11\/marketing-3.webp 1920w\" sizes=\"(max-width: 800px) 100vw, 800px\" \/>\t\t\t\t\t\t\t\t\t\t\t\t\t\t\t<\/div>\n\t\t\t\t<\/div>\n\t\t\t\t\t<\/div>\n\t\t\t\t<\/div>\n\t\t<div class=\"elementor-element elementor-element-ef96088 e-flex e-con-boxed e-con e-parent\" data-id=\"ef96088\" data-element_type=\"container\" data-e-type=\"container\" data-settings=\"{&quot;background_background&quot;:&quot;classic&quot;}\">\n\t\t\t\t\t<div class=\"e-con-inner\">\n\t\t<div class=\"elementor-element elementor-element-6190f7f e-con-full e-flex e-con e-child\" data-id=\"6190f7f\" data-element_type=\"container\" data-e-type=\"container\" data-settings=\"{&quot;background_background&quot;:&quot;classic&quot;}\">\n\t\t\t\t<\/div>\n\t\t<div class=\"elementor-element elementor-element-bea9046 e-con-full e-flex e-con e-child\" data-id=\"bea9046\" data-element_type=\"container\" data-e-type=\"container\">\n\t\t\t\t<div class=\"elementor-element elementor-element-707f9b5 elementor-widget elementor-widget-heading\" data-id=\"707f9b5\" data-element_type=\"widget\" data-e-type=\"widget\" data-widget_type=\"heading.default\">\n\t\t\t\t<div class=\"elementor-widget-container\">\n\t\t\t\t\t<h2 class=\"elementor-heading-title elementor-size-default\">Definir una identidad \u00fanica y reconocible con estrategia de marca y branding art\u00edstico.\n\n\n<\/h2>\t\t\t\t<\/div>\n\t\t\t\t<\/div>\n\t\t\t\t<div class=\"elementor-element elementor-element-f5f2627 elementor-widget elementor-widget-text-editor\" data-id=\"f5f2627\" data-element_type=\"widget\" data-e-type=\"widget\" data-widget_type=\"text-editor.default\">\n\t\t\t\t<div class=\"elementor-widget-container\">\n\t\t\t\t\t\t\t\t\t<p>Todo artista o estudio creativo necesita una identidad visual y conceptual coherente que comunique sus valores, est\u00e9tica y prop\u00f3sito. Nuestro equipo desarrolla estrategias de marca personalizadas para cada profesional creativo, combinando la coherencia art\u00edstica con la estrategia comercial y las t\u00e9cnicas de marketing art\u00edstico.<br \/>Te ayudamos:<\/p>\t\t\t\t\t\t\t\t<\/div>\n\t\t\t\t<\/div>\n\t\t<div class=\"elementor-element elementor-element-83ae1e0 e-con-full e-grid e-con e-child\" data-id=\"83ae1e0\" data-element_type=\"container\" data-e-type=\"container\">\n\t\t<div class=\"elementor-element elementor-element-44de266 e-con-full e-flex e-con e-child\" data-id=\"44de266\" data-element_type=\"container\" data-e-type=\"container\">\n\t\t\t\t<div class=\"elementor-element elementor-element-2d402bd elementor-widget__width-initial elementor-widget elementor-widget-heading\" data-id=\"2d402bd\" data-element_type=\"widget\" data-e-type=\"widget\" data-widget_type=\"heading.default\">\n\t\t\t\t<div class=\"elementor-widget-container\">\n\t\t\t\t\t<div class=\"elementor-heading-title elementor-size-default\">01<\/div>\t\t\t\t<\/div>\n\t\t\t\t<\/div>\n\t\t\t\t<div class=\"elementor-element elementor-element-49a3f04 elementor-widget__width-initial elementor-widget elementor-widget-heading\" data-id=\"49a3f04\" data-element_type=\"widget\" data-e-type=\"widget\" data-widget_type=\"heading.default\">\n\t\t\t\t<div class=\"elementor-widget-container\">\n\t\t\t\t\t<div class=\"elementor-heading-title elementor-size-default\">Define el posicionamiento y la narrativa de tu marca.\n\n<\/div>\t\t\t\t<\/div>\n\t\t\t\t<\/div>\n\t\t\t\t<\/div>\n\t\t<div class=\"elementor-element elementor-element-fb7c533 e-con-full e-flex e-con e-child\" data-id=\"fb7c533\" data-element_type=\"container\" data-e-type=\"container\">\n\t\t\t\t<div class=\"elementor-element elementor-element-a436482 elementor-widget__width-initial elementor-widget elementor-widget-heading\" data-id=\"a436482\" data-element_type=\"widget\" data-e-type=\"widget\" data-widget_type=\"heading.default\">\n\t\t\t\t<div class=\"elementor-widget-container\">\n\t\t\t\t\t<div class=\"elementor-heading-title elementor-size-default\">02<\/div>\t\t\t\t<\/div>\n\t\t\t\t<\/div>\n\t\t\t\t<div class=\"elementor-element elementor-element-281592e elementor-widget__width-initial elementor-widget elementor-widget-heading\" data-id=\"281592e\" data-element_type=\"widget\" data-e-type=\"widget\" data-widget_type=\"heading.default\">\n\t\t\t\t<div class=\"elementor-widget-container\">\n\t\t\t\t\t<div class=\"elementor-heading-title elementor-size-default\">Crea una identidad visual s\u00f3lida y coherente.\n\n<\/div>\t\t\t\t<\/div>\n\t\t\t\t<\/div>\n\t\t\t\t<\/div>\n\t\t<div class=\"elementor-element elementor-element-e3874cd e-con-full e-flex e-con e-child\" data-id=\"e3874cd\" data-element_type=\"container\" data-e-type=\"container\">\n\t\t\t\t<div class=\"elementor-element elementor-element-d4cd943 elementor-widget__width-initial elementor-widget elementor-widget-heading\" data-id=\"d4cd943\" data-element_type=\"widget\" data-e-type=\"widget\" data-widget_type=\"heading.default\">\n\t\t\t\t<div class=\"elementor-widget-container\">\n\t\t\t\t\t<div class=\"elementor-heading-title elementor-size-default\">03<\/div>\t\t\t\t<\/div>\n\t\t\t\t<\/div>\n\t\t\t\t<div class=\"elementor-element elementor-element-045ad26 elementor-widget__width-initial elementor-widget elementor-widget-heading\" data-id=\"045ad26\" data-element_type=\"widget\" data-e-type=\"widget\" data-widget_type=\"heading.default\">\n\t\t\t\t<div class=\"elementor-widget-container\">\n\t\t\t\t\t<div class=\"elementor-heading-title elementor-size-default\">Desarrolle materiales que reflejen sus objetivos profesionales: portafolios, cat\u00e1logos, sitios web y presentaciones.\n\n<\/div>\t\t\t\t<\/div>\n\t\t\t\t<\/div>\n\t\t\t\t<\/div>\n\t\t<div class=\"elementor-element elementor-element-c8ba0e3 e-con-full e-flex e-con e-child\" data-id=\"c8ba0e3\" data-element_type=\"container\" data-e-type=\"container\">\n\t\t\t\t<div class=\"elementor-element elementor-element-3e3ccfe elementor-widget__width-initial elementor-widget elementor-widget-heading\" data-id=\"3e3ccfe\" data-element_type=\"widget\" data-e-type=\"widget\" data-widget_type=\"heading.default\">\n\t\t\t\t<div class=\"elementor-widget-container\">\n\t\t\t\t\t<div class=\"elementor-heading-title elementor-size-default\">04<\/div>\t\t\t\t<\/div>\n\t\t\t\t<\/div>\n\t\t\t\t<div class=\"elementor-element elementor-element-8ba590f elementor-widget__width-initial elementor-widget elementor-widget-heading\" data-id=\"8ba590f\" data-element_type=\"widget\" data-e-type=\"widget\" data-widget_type=\"heading.default\">\n\t\t\t\t<div class=\"elementor-widget-container\">\n\t\t\t\t\t<div class=\"elementor-heading-title elementor-size-default\">Desarrolla una estrategia de marketing para galer\u00edas de arte o marcas creativas que se alinee con tus valores art\u00edsticos.\n\n<\/div>\t\t\t\t<\/div>\n\t\t\t\t<\/div>\n\t\t\t\t<\/div>\n\t\t\t\t<\/div>\n\t\t\t\t<\/div>\n\t\t\t\t\t<\/div>\n\t\t\t\t<\/div>\n\t\t<div class=\"elementor-element elementor-element-106a5d7 e-flex e-con-boxed e-con e-parent\" data-id=\"106a5d7\" data-element_type=\"container\" data-e-type=\"container\" data-settings=\"{&quot;background_background&quot;:&quot;classic&quot;}\">\n\t\t\t\t\t<div class=\"e-con-inner\">\n\t\t<div class=\"elementor-element elementor-element-fe297b2 e-con-full e-flex e-con e-child\" data-id=\"fe297b2\" data-element_type=\"container\" data-e-type=\"container\" data-settings=\"{&quot;background_background&quot;:&quot;classic&quot;}\">\n\t\t\t\t<\/div>\n\t\t<div class=\"elementor-element elementor-element-1abe45e e-con-full e-flex e-con e-child\" data-id=\"1abe45e\" data-element_type=\"container\" data-e-type=\"container\">\n\t\t\t\t<div class=\"elementor-element elementor-element-aee62c9 elementor-widget elementor-widget-heading\" data-id=\"aee62c9\" data-element_type=\"widget\" data-e-type=\"widget\" data-widget_type=\"heading.default\">\n\t\t\t\t<div class=\"elementor-widget-container\">\n\t\t\t\t\t<div class=\"elementor-heading-title elementor-size-default\"> Ferias, eventos y muestras creativas<\/div>\t\t\t\t<\/div>\n\t\t\t\t<\/div>\n\t\t\t\t<div class=\"elementor-element elementor-element-cbe39cf elementor-widget elementor-widget-heading\" data-id=\"cbe39cf\" data-element_type=\"widget\" data-e-type=\"widget\" data-widget_type=\"heading.default\">\n\t\t\t\t<div class=\"elementor-widget-container\">\n\t\t\t\t\t<h3 class=\"elementor-heading-title elementor-size-default\"> Planificaci\u00f3n estrat\u00e9gica para m\u00e1xima viabilidad\n\n<\/h3>\t\t\t\t<\/div>\n\t\t\t\t<\/div>\n\t\t\t\t<div class=\"elementor-element elementor-element-7f49483 elementor-widget elementor-widget-text-editor\" data-id=\"7f49483\" data-element_type=\"widget\" data-e-type=\"widget\" data-widget_type=\"text-editor.default\">\n\t\t\t\t<div class=\"elementor-widget-container\">\n\t\t\t\t\t\t\t\t\t<p>Participar en ferias de arte, exposiciones y eventos de dise\u00f1o es fundamental para el desarrollo profesional. Atlante te apoya en la planificaci\u00f3n, curadur\u00eda y ejecuci\u00f3n de estas oportunidades con un enfoque estrat\u00e9gico claro.<br \/>Actuamos como su organizador de eventos corporativos y socio creativo, gestionando cada detalle para garantizar que su participaci\u00f3n genere resultados reales.<br \/>Nuestra experiencia nos permite convertir cada presentaci\u00f3n en una extensi\u00f3n coherente de su marca: un espacio donde convergen la narrativa art\u00edstica y la oportunidad comercial.<\/p>\t\t\t\t\t\t\t\t<\/div>\n\t\t\t\t<\/div>\n\t\t\t\t<\/div>\n\t\t\t\t\t<\/div>\n\t\t\t\t<\/div>\n\t\t<div class=\"elementor-element elementor-element-0a2ea2f e-flex e-con-boxed e-con e-parent\" data-id=\"0a2ea2f\" data-element_type=\"container\" data-e-type=\"container\" data-settings=\"{&quot;background_background&quot;:&quot;classic&quot;}\">\n\t\t\t\t\t<div class=\"e-con-inner\">\n\t\t\t\t<div class=\"elementor-element elementor-element-e9a3436 elementor-widget elementor-widget-heading\" data-id=\"e9a3436\" data-element_type=\"widget\" data-e-type=\"widget\" data-widget_type=\"heading.default\">\n\t\t\t\t<div class=\"elementor-widget-container\">\n\t\t\t\t\t<div class=\"elementor-heading-title elementor-size-default\">Colaboraciones especiales y proyectos interdisciplinarios<\/div>\t\t\t\t<\/div>\n\t\t\t\t<\/div>\n\t\t\t\t<div class=\"elementor-element elementor-element-7452a7d elementor-widget elementor-widget-heading\" data-id=\"7452a7d\" data-element_type=\"widget\" data-e-type=\"widget\" data-widget_type=\"heading.default\">\n\t\t\t\t<div class=\"elementor-widget-container\">\n\t\t\t\t\t<h3 class=\"elementor-heading-title elementor-size-default\">Ampliando horizontes creativos\n\n<\/h3>\t\t\t\t<\/div>\n\t\t\t\t<\/div>\n\t\t\t\t<div class=\"elementor-element elementor-element-071bc2f elementor-widget__width-inherit elementor-widget-mobile__width-inherit elementor-widget elementor-widget-text-editor\" data-id=\"071bc2f\" data-element_type=\"widget\" data-e-type=\"widget\" data-widget_type=\"text-editor.default\">\n\t\t\t\t<div class=\"elementor-widget-container\">\n\t\t\t\t\t\t\t\t\t<p><span style=\"font-weight: 400;\">En un mundo creativo interconectado, la colaboraci\u00f3n es clave para la innovaci\u00f3n y el crecimiento profesional. <\/span><span style=\"font-weight: 400;\">Atlante facilita <\/span><b>colaboraciones especiales<\/b><span style=\"font-weight: 400;\"> Conectamos a artistas, dise\u00f1adores, marcas e instituciones, creando sinergias que ampl\u00edan tu alcance y visibilidad.<\/span><\/p>\t\t\t\t\t\t\t\t<\/div>\n\t\t\t\t<\/div>\n\t\t\t\t<div class=\"elementor-element elementor-element-45fc806 elementor-mobile-align-justify elementor-widget-mobile__width-inherit elementor-widget elementor-widget-button\" data-id=\"45fc806\" data-element_type=\"widget\" data-e-type=\"widget\" data-widget_type=\"button.default\">\n\t\t\t\t<div class=\"elementor-widget-container\">\n\t\t\t\t\t\t\t\t\t<div class=\"elementor-button-wrapper\">\n\t\t\t\t\t<a class=\"elementor-button elementor-button-link elementor-size-sm elementor-animation-float\" href=\"https:\/\/atlante.design\/es\/contact\/\">\n\t\t\t\t\t\t<span class=\"elementor-button-content-wrapper\">\n\t\t\t\t\t\t\t\t\t<span class=\"elementor-button-text\">\u00a1Descubre Atlante!<\/span>\n\t\t\t\t\t<\/span>\n\t\t\t\t\t<\/a>\n\t\t\t\t<\/div>\n\t\t\t\t\t\t\t\t<\/div>\n\t\t\t\t<\/div>\n\t\t\t\t\t<\/div>\n\t\t\t\t<\/div>\n\t\t\t\t<\/div>","protected":false},"excerpt":{"rendered":"<p>Commercial Strategy &amp; Artist Representation From Brand Strategy to International Fairs and Creative Collaborations At Atlante, we help artists, designers, and creative studios build a strong and coherent presence in the art and design markets through a comprehensive marketing consulting approach.We connect your artistic identity with effective communication, branding, and event strategies that enhance your [&hellip;]<\/p>\n","protected":false},"author":1,"featured_media":0,"parent":0,"menu_order":0,"comment_status":"closed","ping_status":"closed","template":"","meta":{"footnotes":""},"class_list":["post-289","page","type-page","status-publish","hentry"],"yoast_head":"<!-- This site is optimized with the Yoast SEO plugin v27.3 - https:\/\/yoast.com\/product\/yoast-seo-wordpress\/ -->\n<title>Marketing Consulting - Atlante Design Agency<\/title>\n<meta name=\"robots\" content=\"index, follow, max-snippet:-1, max-image-preview:large, max-video-preview:-1\" \/>\n<link rel=\"canonical\" href=\"https:\/\/atlante.design\/es\/marketing-consulting\/\" \/>\n<meta property=\"og:locale\" content=\"es_ES\" \/>\n<meta property=\"og:type\" content=\"article\" \/>\n<meta property=\"og:title\" content=\"Marketing Consulting - Atlante Design Agency\" \/>\n<meta property=\"og:description\" content=\"Commercial Strategy &amp; Artist Representation From Brand Strategy to International Fairs and Creative Collaborations At Atlante, we help artists, designers, and creative studios build a strong and coherent presence in the art and design markets through a comprehensive marketing consulting approach.We connect your artistic identity with effective communication, branding, and event strategies that enhance your [&hellip;]\" \/>\n<meta property=\"og:url\" content=\"https:\/\/atlante.design\/es\/marketing-consulting\/\" \/>\n<meta property=\"og:site_name\" content=\"Atlante Design Agency\" \/>\n<meta property=\"article:modified_time\" content=\"2026-01-29T15:08:50+00:00\" \/>\n<meta property=\"og:image\" content=\"https:\/\/atlante.design\/wp-content\/uploads\/2025\/11\/marketing-3.webp\" \/>\n\t<meta property=\"og:image:width\" content=\"1920\" \/>\n\t<meta property=\"og:image:height\" content=\"1080\" \/>\n\t<meta property=\"og:image:type\" content=\"image\/webp\" \/>\n<meta name=\"twitter:card\" content=\"summary_large_image\" \/>\n<meta name=\"twitter:label1\" content=\"Tiempo de lectura\" \/>\n\t<meta name=\"twitter:data1\" content=\"1 minuto\" \/>\n<script type=\"application\/ld+json\" class=\"yoast-schema-graph\">{\"@context\":\"https:\\\/\\\/schema.org\",\"@graph\":[{\"@type\":\"WebPage\",\"@id\":\"https:\\\/\\\/atlante.design\\\/marketing-consulting\\\/\",\"url\":\"https:\\\/\\\/atlante.design\\\/marketing-consulting\\\/\",\"name\":\"Marketing Consulting - Atlante Design Agency\",\"isPartOf\":{\"@id\":\"https:\\\/\\\/atlante.design\\\/#website\"},\"primaryImageOfPage\":{\"@id\":\"https:\\\/\\\/atlante.design\\\/marketing-consulting\\\/#primaryimage\"},\"image\":{\"@id\":\"https:\\\/\\\/atlante.design\\\/marketing-consulting\\\/#primaryimage\"},\"thumbnailUrl\":\"https:\\\/\\\/atlante.design\\\/wp-content\\\/uploads\\\/2025\\\/11\\\/marketing-3-1024x576.webp\",\"datePublished\":\"2025-11-03T18:34:17+00:00\",\"dateModified\":\"2026-01-29T15:08:50+00:00\",\"breadcrumb\":{\"@id\":\"https:\\\/\\\/atlante.design\\\/marketing-consulting\\\/#breadcrumb\"},\"inLanguage\":\"es\",\"potentialAction\":[{\"@type\":\"ReadAction\",\"target\":[\"https:\\\/\\\/atlante.design\\\/marketing-consulting\\\/\"]}]},{\"@type\":\"ImageObject\",\"inLanguage\":\"es\",\"@id\":\"https:\\\/\\\/atlante.design\\\/marketing-consulting\\\/#primaryimage\",\"url\":\"https:\\\/\\\/atlante.design\\\/wp-content\\\/uploads\\\/2025\\\/11\\\/marketing-3-1024x576.webp\",\"contentUrl\":\"https:\\\/\\\/atlante.design\\\/wp-content\\\/uploads\\\/2025\\\/11\\\/marketing-3-1024x576.webp\"},{\"@type\":\"BreadcrumbList\",\"@id\":\"https:\\\/\\\/atlante.design\\\/marketing-consulting\\\/#breadcrumb\",\"itemListElement\":[{\"@type\":\"ListItem\",\"position\":1,\"name\":\"Portada\",\"item\":\"https:\\\/\\\/atlante.design\\\/\"},{\"@type\":\"ListItem\",\"position\":2,\"name\":\"Marketing Consulting\"}]},{\"@type\":\"WebSite\",\"@id\":\"https:\\\/\\\/atlante.design\\\/#website\",\"url\":\"https:\\\/\\\/atlante.design\\\/\",\"name\":\"Atlante Design Agency\",\"description\":\"Global Consulting &amp; Representation for Artists and Designers\",\"potentialAction\":[{\"@type\":\"SearchAction\",\"target\":{\"@type\":\"EntryPoint\",\"urlTemplate\":\"https:\\\/\\\/atlante.design\\\/?s={search_term_string}\"},\"query-input\":{\"@type\":\"PropertyValueSpecification\",\"valueRequired\":true,\"valueName\":\"search_term_string\"}}],\"inLanguage\":\"es\"}]}<\/script>\n<!-- \/ Yoast SEO plugin. -->","yoast_head_json":{"title":"Marketing Consulting - Atlante Design Agency","robots":{"index":"index","follow":"follow","max-snippet":"max-snippet:-1","max-image-preview":"max-image-preview:large","max-video-preview":"max-video-preview:-1"},"canonical":"https:\/\/atlante.design\/es\/marketing-consulting\/","og_locale":"es_ES","og_type":"article","og_title":"Marketing Consulting - Atlante Design Agency","og_description":"Commercial Strategy &amp; Artist Representation From Brand Strategy to International Fairs and Creative Collaborations At Atlante, we help artists, designers, and creative studios build a strong and coherent presence in the art and design markets through a comprehensive marketing consulting approach.We connect your artistic identity with effective communication, branding, and event strategies that enhance your [&hellip;]","og_url":"https:\/\/atlante.design\/es\/marketing-consulting\/","og_site_name":"Atlante Design Agency","article_modified_time":"2026-01-29T15:08:50+00:00","og_image":[{"width":1920,"height":1080,"url":"https:\/\/atlante.design\/wp-content\/uploads\/2025\/11\/marketing-3.webp","type":"image\/webp"}],"twitter_card":"summary_large_image","twitter_misc":{"Tiempo de lectura":"1 minuto"},"schema":{"@context":"https:\/\/schema.org","@graph":[{"@type":"WebPage","@id":"https:\/\/atlante.design\/marketing-consulting\/","url":"https:\/\/atlante.design\/marketing-consulting\/","name":"Marketing Consulting - Atlante Design Agency","isPartOf":{"@id":"https:\/\/atlante.design\/#website"},"primaryImageOfPage":{"@id":"https:\/\/atlante.design\/marketing-consulting\/#primaryimage"},"image":{"@id":"https:\/\/atlante.design\/marketing-consulting\/#primaryimage"},"thumbnailUrl":"https:\/\/atlante.design\/wp-content\/uploads\/2025\/11\/marketing-3-1024x576.webp","datePublished":"2025-11-03T18:34:17+00:00","dateModified":"2026-01-29T15:08:50+00:00","breadcrumb":{"@id":"https:\/\/atlante.design\/marketing-consulting\/#breadcrumb"},"inLanguage":"es","potentialAction":[{"@type":"ReadAction","target":["https:\/\/atlante.design\/marketing-consulting\/"]}]},{"@type":"ImageObject","inLanguage":"es","@id":"https:\/\/atlante.design\/marketing-consulting\/#primaryimage","url":"https:\/\/atlante.design\/wp-content\/uploads\/2025\/11\/marketing-3-1024x576.webp","contentUrl":"https:\/\/atlante.design\/wp-content\/uploads\/2025\/11\/marketing-3-1024x576.webp"},{"@type":"BreadcrumbList","@id":"https:\/\/atlante.design\/marketing-consulting\/#breadcrumb","itemListElement":[{"@type":"ListItem","position":1,"name":"Portada","item":"https:\/\/atlante.design\/"},{"@type":"ListItem","position":2,"name":"Marketing Consulting"}]},{"@type":"WebSite","@id":"https:\/\/atlante.design\/#website","url":"https:\/\/atlante.design\/","name":"Atlante Design Agency","description":"Global Consulting &amp; Representation for Artists and Designers","potentialAction":[{"@type":"SearchAction","target":{"@type":"EntryPoint","urlTemplate":"https:\/\/atlante.design\/?s={search_term_string}"},"query-input":{"@type":"PropertyValueSpecification","valueRequired":true,"valueName":"search_term_string"}}],"inLanguage":"es"}]}},"_links":{"self":[{"href":"https:\/\/atlante.design\/es\/wp-json\/wp\/v2\/pages\/289","targetHints":{"allow":["GET"]}}],"collection":[{"href":"https:\/\/atlante.design\/es\/wp-json\/wp\/v2\/pages"}],"about":[{"href":"https:\/\/atlante.design\/es\/wp-json\/wp\/v2\/types\/page"}],"author":[{"embeddable":true,"href":"https:\/\/atlante.design\/es\/wp-json\/wp\/v2\/users\/1"}],"replies":[{"embeddable":true,"href":"https:\/\/atlante.design\/es\/wp-json\/wp\/v2\/comments?post=289"}],"version-history":[{"count":0,"href":"https:\/\/atlante.design\/es\/wp-json\/wp\/v2\/pages\/289\/revisions"}],"wp:attachment":[{"href":"https:\/\/atlante.design\/es\/wp-json\/wp\/v2\/media?parent=289"}],"curies":[{"name":"wp","href":"https:\/\/api.w.org\/{rel}","templated":true}]}}