{"id":313,"date":"2025-11-03T19:50:34","date_gmt":"2025-11-03T18:50:34","guid":{"rendered":"https:\/\/atlante.design\/?page_id=313"},"modified":"2026-02-10T13:09:36","modified_gmt":"2026-02-10T12:09:36","slug":"legal-notice","status":"publish","type":"page","link":"https:\/\/atlante.design\/es\/legal-notice\/","title":{"rendered":"Aviso legal"},"content":{"rendered":"<div data-elementor-type=\"wp-page\" data-elementor-id=\"313\" class=\"elementor elementor-313\" data-elementor-post-type=\"page\">\n\t\t\t\t<div class=\"elementor-element elementor-element-91dc619 e-flex e-con-boxed e-con e-parent\" data-id=\"91dc619\" data-element_type=\"container\" data-e-type=\"container\" data-settings=\"{&quot;background_background&quot;:&quot;classic&quot;}\">\n\t\t\t\t\t<div class=\"e-con-inner\">\n\t\t\t\t<div class=\"elementor-element elementor-element-4ace7b7 elementor-widget elementor-widget-heading\" data-id=\"4ace7b7\" data-element_type=\"widget\" data-e-type=\"widget\" data-widget_type=\"heading.default\">\n\t\t\t\t<div class=\"elementor-widget-container\">\n\t\t\t\t\t<h1 class=\"elementor-heading-title elementor-size-default\">Aviso legal<\/h1>\t\t\t\t<\/div>\n\t\t\t\t<\/div>\n\t\t\t\t\t<\/div>\n\t\t\t\t<\/div>\n\t\t<div class=\"elementor-element elementor-element-471ef139 e-flex e-con-boxed e-con e-parent\" data-id=\"471ef139\" data-element_type=\"container\" data-e-type=\"container\" data-settings=\"{&quot;background_background&quot;:&quot;classic&quot;}\">\n\t\t\t\t\t<div class=\"e-con-inner\">\n\t\t\t\t<div class=\"elementor-element elementor-element-477df1f2 elementor-widget elementor-widget-text-editor\" data-id=\"477df1f2\" data-element_type=\"widget\" data-e-type=\"widget\" data-widget_type=\"text-editor.default\">\n\t\t\t\t<div class=\"elementor-widget-container\">\n\t\t\t\t\t\t\t\t\t\n<h3 class=\"wp-block-heading\">Controlador de datos<\/h3>\n\n<p>En cumplimiento del deber de informaci\u00f3n establecido por la Ley 34\/2002, de 11 de julio, de Servicios de la Sociedad de la Informaci\u00f3n y de Comercio Electr\u00f3nico, le informamos que este sitio web es propiedad de:<\/p>\n\n<p><strong>Compa\u00f1\u00eda:<\/strong> Sara Di Maio<br \/><strong>N\u00famero de identificaci\u00f3n fiscal (NIF):<\/strong> Z0294922K<br \/><strong>Parte responsable:<\/strong> H\u00e9ctor<br \/><strong>DIRECCI\u00d3N:<\/strong> Calle de Francesc Suau, 14a, 3A Norte<br \/><strong>C\u00f3digo postal y ciudad:<\/strong> 07010 Palma, Illes Balears<br \/><strong>Tel\u00e9fono:<\/strong> +34 658584552<br \/><strong>Correo electr\u00f3nico:<\/strong> <a>info@hectorparraarchitects.com<\/a><\/p>\n\n<h3 class=\"wp-block-heading\">Objetivo<\/h3>\n\n<p>El Responsable del Tratamiento pone este documento a disposici\u00f3n de los usuarios con el fin de cumplir con la normativa vigente en materia de protecci\u00f3n de datos, en particular en el marco del Reglamento (UE) 2016\/679 del Parlamento Europeo y del Consejo, de 27 de abril de 2016, relativo a la protecci\u00f3n de las personas f\u00edsicas en lo que respecta al tratamiento de datos personales y a la libre circulaci\u00f3n de estos datos (en adelante, el \u201cRGPD\u201d), as\u00ed como con la legislaci\u00f3n nacional en materia de protecci\u00f3n de datos personales.<br \/>Este documento tambi\u00e9n tiene como objetivo informar a todos los usuarios del sitio web sobre sus condiciones de uso.<\/p>\n\n<p>Quien acceda a este sitio web asume la condici\u00f3n de usuario y se compromete a observar y cumplir estrictamente las disposiciones aqu\u00ed establecidas, as\u00ed como cualquier otra disposici\u00f3n legal aplicable. El Responsable del Tratamiento se reserva el derecho de modificar cualquier tipo de informaci\u00f3n que aparezca en el sitio web, sin obligaci\u00f3n de notificar previamente ni informar a los usuarios de dichos cambios, entendi\u00e9ndose que la publicaci\u00f3n en el sitio web del Responsable del Tratamiento ser\u00e1 suficiente.<\/p>\n\n<h3 class=\"wp-block-heading\">Responsabilidad<\/h3>\n\n<p>El Responsable del Tratamiento de Datos queda exento de cualquier tipo de responsabilidad derivada de la informaci\u00f3n publicada en este sitio web, siempre que dicha informaci\u00f3n haya sido manipulada o insertada por un tercero ajeno a \u00e9l.<\/p>\n\n<h3 class=\"wp-block-heading\">Direcciones IP<\/h3>\n\n<p>Los servidores del sitio web pueden detectar autom\u00e1ticamente la direcci\u00f3n IP y el nombre de dominio del usuario. Una direcci\u00f3n IP es un n\u00famero que se asigna autom\u00e1ticamente a un ordenador cuando se conecta a Internet. Toda esta informaci\u00f3n se registra en un archivo de actividad del servidor debidamente registrado, que permite el posterior procesamiento de los datos para obtener mediciones puramente estad\u00edsticas, como el n\u00famero de p\u00e1ginas vistas, las visitas a los servidores web, el orden de las visitas, los puntos de acceso, etc.<\/p>\n\n<h3 class=\"wp-block-heading\">Pol\u00edtica de enlaces<\/h3>\n\n<p>Este sitio web puede redirigir a los usuarios a contenido de sitios web de terceros. Dado que el Responsable del Tratamiento no siempre puede controlar el contenido introducido por terceros en sus sitios web, no asume ninguna responsabilidad por dicho contenido. En cualquier caso, el Responsable del Tratamiento declara que eliminar\u00e1 de inmediato cualquier contenido que pueda contravenir la legislaci\u00f3n nacional o internacional, la moral o el orden p\u00fablico, eliminando inmediatamente cualquier redirecci\u00f3n a dichos sitios web e informando a las autoridades competentes sobre el contenido en cuesti\u00f3n.<\/p>\n\n<p>El Responsable del Tratamiento no se responsabiliza de la informaci\u00f3n y el contenido almacenados, incluyendo, entre otros, los de foros, chats, blogs, comentarios, redes sociales o cualquier otro medio que permita a terceros publicar contenido de forma independiente en su sitio web. No obstante, en cumplimiento de los art\u00edculos 11 y 16 de la LSSICE, el Responsable del Tratamiento se pone a disposici\u00f3n de todos los usuarios, autoridades y organismos encargados de la aplicaci\u00f3n de la ley, colaborando activamente en la eliminaci\u00f3n o, en su caso, el bloqueo de todo contenido que pueda afectar o contravenir la legislaci\u00f3n nacional o internacional, los derechos de terceros o la moral y el orden p\u00fablico.<\/p>\n\n<p>Si un usuario considera que alg\u00fan contenido del sitio web podr\u00eda estar incluido en esta clasificaci\u00f3n, se le ruega que lo notifique inmediatamente al administrador del sitio web.<\/p>\n\n<p>Este sitio web ha sido revisado y probado para garantizar su correcto funcionamiento. En principio, se garantiza su correcto funcionamiento las 24 horas del d\u00eda, los 365 d\u00edas del a\u00f1o. Sin embargo, el Responsable del Tratamiento de Datos no descarta la posibilidad de errores de programaci\u00f3n o circunstancias de fuerza mayor, desastres naturales, huelgas o eventos similares que pudieran imposibilitar el acceso al sitio web.<\/p>\n\n<h3 class=\"wp-block-heading\">Protecci\u00f3n de datos<\/h3>\n\n<p>El Responsable del Tratamiento de Datos est\u00e1 firmemente comprometido con el cumplimiento de la normativa vigente en materia de protecci\u00f3n de datos, en particular con el marco establecido por el Reglamento (UE) 2016\/679 del Parlamento Europeo y del Consejo, de 27 de abril de 2016 (el \u201cRGPD\u201d), y las leyes nacionales sobre protecci\u00f3n de datos personales.<\/p>\n\n<p>Asimismo, el Responsable del Tratamiento informa que cumple con la Ley 34\/2002, de 11 de julio, de Servicios de la Sociedad de la Informaci\u00f3n y de Comercio Electr\u00f3nico, y solicitar\u00e1 el consentimiento para el tratamiento de datos personales con fines comerciales cuando sea necesario.<\/p>\n\n<h3 class=\"wp-block-heading\">Propiedad intelectual e industrial<\/h3>\n\n<p>El sitio web, incluyendo, entre otros, su programaci\u00f3n, edici\u00f3n, compilaci\u00f3n y dem\u00e1s elementos necesarios para su funcionamiento, as\u00ed como los dise\u00f1os, logotipos, textos y\/o gr\u00e1ficos, son propiedad del Responsable del Tratamiento de Datos o, en su caso, han sido licenciados o autorizados expresamente por sus respectivos autores.<\/p>\n\n<p>Todo el contenido de este sitio web est\u00e1 debidamente protegido por las leyes de propiedad intelectual e industrial. Independientemente de su finalidad, la reproducci\u00f3n total o parcial, el uso, la explotaci\u00f3n, la distribuci\u00f3n o la comercializaci\u00f3n de cualquier contenido requiere la autorizaci\u00f3n previa y por escrito del Responsable del Tratamiento. Cualquier uso no autorizado se considerar\u00e1 una infracci\u00f3n grave de los derechos de propiedad intelectual o industrial del autor.<\/p>\n\n<p>Los dise\u00f1os, logotipos, textos y\/o gr\u00e1ficos que no son propiedad del Responsable del Tratamiento y que puedan aparecer en el sitio web pertenecen a sus respectivos propietarios, quienes son responsables de cualquier controversia que pudiera surgir al respecto. En cualquier caso, el Responsable del Tratamiento ha obtenido la autorizaci\u00f3n expresa y previa de dichos propietarios.<\/p>\n\n<p>El Responsable del Tratamiento autoriza expresamente a terceros a enlazar directamente con contenido espec\u00edfico del sitio web, y en todos los casos, dichos enlaces deben dirigir a la p\u00e1gina principal del sitio web del Responsable del Tratamiento.<\/p>\n\n<p>El Responsable del Tratamiento reconoce los correspondientes derechos de propiedad intelectual e industrial a favor de sus titulares, y su mera menci\u00f3n o aparici\u00f3n en el sitio web no implica la existencia de derechos ni responsabilidad alguna del Responsable del Tratamiento sobre ellos, ni ning\u00fan tipo de respaldo, patrocinio o recomendaci\u00f3n.<\/p>\n\n<p>Siempre que el software de dise\u00f1o lo permite, se han incluido referencias a la autor\u00eda y las licencias aplicables para todas las im\u00e1genes utilizadas.<\/p>\n\n<p>Para realizar cualquier observaci\u00f3n sobre posibles infracciones de derechos de propiedad intelectual o industrial, o sobre cualquier contenido del sitio web, p\u00f3ngase en contacto con nosotros en: <strong><a href=\"mailto:info@hectorparraarchitects.com\" target=\"_blank\" rel=\"noreferrer noopener\">info@hectorparraarchitects.com<\/a><\/strong><\/p>\n\n<p>\u00a0<\/p>\n\t\t\t\t\t\t\t\t<\/div>\n\t\t\t\t<\/div>\n\t\t\t\t\t<\/div>\n\t\t\t\t<\/div>\n\t\t\t\t<\/div>","protected":false},"excerpt":{"rendered":"<p>Data Controller In compliance with the information duty established by Law 34\/2002 of July 11, on Information Society Services and Electronic Commerce, we inform you that this website is owned by: Company: Sara Di MaioTax ID (NIF): Z0294922KResponsible Party: H\u00e9ctorAddress: Carrer de Francesc Suau, 14a, 3A NordPostal Code and City: 07010 Palma, Illes BalearsPhone: +34 [&hellip;]<\/p>\n","protected":false},"author":1,"featured_media":0,"parent":0,"menu_order":0,"comment_status":"closed","ping_status":"closed","template":"","meta":{"footnotes":""},"class_list":["post-313","page","type-page","status-publish","hentry"],"yoast_head":"<!-- This site is optimized with the Yoast SEO plugin v27.3 - https:\/\/yoast.com\/product\/yoast-seo-wordpress\/ -->\n<title>Legal Notice - Atlante Design Agency<\/title>\n<meta name=\"robots\" content=\"index, follow, max-snippet:-1, max-image-preview:large, max-video-preview:-1\" \/>\n<link rel=\"canonical\" href=\"https:\/\/atlante.design\/es\/legal-notice\/\" \/>\n<meta property=\"og:locale\" content=\"es_ES\" \/>\n<meta property=\"og:type\" content=\"article\" \/>\n<meta property=\"og:title\" content=\"Legal Notice - Atlante Design Agency\" \/>\n<meta property=\"og:description\" content=\"Data Controller In compliance with the information duty established by Law 34\/2002 of July 11, on Information Society Services and Electronic Commerce, we inform you that this website is owned by: Company: Sara Di MaioTax ID (NIF): Z0294922KResponsible Party: H\u00e9ctorAddress: Carrer de Francesc Suau, 14a, 3A NordPostal Code and City: 07010 Palma, Illes BalearsPhone: +34 [&hellip;]\" \/>\n<meta property=\"og:url\" content=\"https:\/\/atlante.design\/es\/legal-notice\/\" \/>\n<meta property=\"og:site_name\" content=\"Atlante Design Agency\" \/>\n<meta property=\"article:modified_time\" content=\"2026-02-10T12:09:36+00:00\" \/>\n<meta name=\"twitter:card\" content=\"summary_large_image\" \/>\n<meta name=\"twitter:label1\" content=\"Tiempo de lectura\" \/>\n\t<meta name=\"twitter:data1\" content=\"5 minutos\" \/>\n<script type=\"application\/ld+json\" class=\"yoast-schema-graph\">{\"@context\":\"https:\\\/\\\/schema.org\",\"@graph\":[{\"@type\":\"WebPage\",\"@id\":\"https:\\\/\\\/atlante.design\\\/legal-notice\\\/\",\"url\":\"https:\\\/\\\/atlante.design\\\/legal-notice\\\/\",\"name\":\"Legal Notice - Atlante Design Agency\",\"isPartOf\":{\"@id\":\"https:\\\/\\\/atlante.design\\\/#website\"},\"datePublished\":\"2025-11-03T18:50:34+00:00\",\"dateModified\":\"2026-02-10T12:09:36+00:00\",\"breadcrumb\":{\"@id\":\"https:\\\/\\\/atlante.design\\\/legal-notice\\\/#breadcrumb\"},\"inLanguage\":\"es\",\"potentialAction\":[{\"@type\":\"ReadAction\",\"target\":[\"https:\\\/\\\/atlante.design\\\/legal-notice\\\/\"]}]},{\"@type\":\"BreadcrumbList\",\"@id\":\"https:\\\/\\\/atlante.design\\\/legal-notice\\\/#breadcrumb\",\"itemListElement\":[{\"@type\":\"ListItem\",\"position\":1,\"name\":\"Portada\",\"item\":\"https:\\\/\\\/atlante.design\\\/\"},{\"@type\":\"ListItem\",\"position\":2,\"name\":\"Legal Notice\"}]},{\"@type\":\"WebSite\",\"@id\":\"https:\\\/\\\/atlante.design\\\/#website\",\"url\":\"https:\\\/\\\/atlante.design\\\/\",\"name\":\"Atlante Design Agency\",\"description\":\"Global Consulting &amp; Representation for Artists and Designers\",\"potentialAction\":[{\"@type\":\"SearchAction\",\"target\":{\"@type\":\"EntryPoint\",\"urlTemplate\":\"https:\\\/\\\/atlante.design\\\/?s={search_term_string}\"},\"query-input\":{\"@type\":\"PropertyValueSpecification\",\"valueRequired\":true,\"valueName\":\"search_term_string\"}}],\"inLanguage\":\"es\"}]}<\/script>\n<!-- \/ Yoast SEO plugin. -->","yoast_head_json":{"title":"Legal Notice - Atlante Design Agency","robots":{"index":"index","follow":"follow","max-snippet":"max-snippet:-1","max-image-preview":"max-image-preview:large","max-video-preview":"max-video-preview:-1"},"canonical":"https:\/\/atlante.design\/es\/legal-notice\/","og_locale":"es_ES","og_type":"article","og_title":"Legal Notice - Atlante Design Agency","og_description":"Data Controller In compliance with the information duty established by Law 34\/2002 of July 11, on Information Society Services and Electronic Commerce, we inform you that this website is owned by: Company: Sara Di MaioTax ID (NIF): Z0294922KResponsible Party: H\u00e9ctorAddress: Carrer de Francesc Suau, 14a, 3A NordPostal Code and City: 07010 Palma, Illes BalearsPhone: +34 [&hellip;]","og_url":"https:\/\/atlante.design\/es\/legal-notice\/","og_site_name":"Atlante Design Agency","article_modified_time":"2026-02-10T12:09:36+00:00","twitter_card":"summary_large_image","twitter_misc":{"Tiempo de lectura":"5 minutos"},"schema":{"@context":"https:\/\/schema.org","@graph":[{"@type":"WebPage","@id":"https:\/\/atlante.design\/legal-notice\/","url":"https:\/\/atlante.design\/legal-notice\/","name":"Legal Notice - Atlante Design Agency","isPartOf":{"@id":"https:\/\/atlante.design\/#website"},"datePublished":"2025-11-03T18:50:34+00:00","dateModified":"2026-02-10T12:09:36+00:00","breadcrumb":{"@id":"https:\/\/atlante.design\/legal-notice\/#breadcrumb"},"inLanguage":"es","potentialAction":[{"@type":"ReadAction","target":["https:\/\/atlante.design\/legal-notice\/"]}]},{"@type":"BreadcrumbList","@id":"https:\/\/atlante.design\/legal-notice\/#breadcrumb","itemListElement":[{"@type":"ListItem","position":1,"name":"Portada","item":"https:\/\/atlante.design\/"},{"@type":"ListItem","position":2,"name":"Legal Notice"}]},{"@type":"WebSite","@id":"https:\/\/atlante.design\/#website","url":"https:\/\/atlante.design\/","name":"Atlante Design Agency","description":"Global Consulting &amp; Representation for Artists and Designers","potentialAction":[{"@type":"SearchAction","target":{"@type":"EntryPoint","urlTemplate":"https:\/\/atlante.design\/?s={search_term_string}"},"query-input":{"@type":"PropertyValueSpecification","valueRequired":true,"valueName":"search_term_string"}}],"inLanguage":"es"}]}},"_links":{"self":[{"href":"https:\/\/atlante.design\/es\/wp-json\/wp\/v2\/pages\/313","targetHints":{"allow":["GET"]}}],"collection":[{"href":"https:\/\/atlante.design\/es\/wp-json\/wp\/v2\/pages"}],"about":[{"href":"https:\/\/atlante.design\/es\/wp-json\/wp\/v2\/types\/page"}],"author":[{"embeddable":true,"href":"https:\/\/atlante.design\/es\/wp-json\/wp\/v2\/users\/1"}],"replies":[{"embeddable":true,"href":"https:\/\/atlante.design\/es\/wp-json\/wp\/v2\/comments?post=313"}],"version-history":[{"count":0,"href":"https:\/\/atlante.design\/es\/wp-json\/wp\/v2\/pages\/313\/revisions"}],"wp:attachment":[{"href":"https:\/\/atlante.design\/es\/wp-json\/wp\/v2\/media?parent=313"}],"curies":[{"name":"wp","href":"https:\/\/api.w.org\/{rel}","templated":true}]}}