{"id":314,"date":"2025-11-03T19:50:53","date_gmt":"2025-11-03T18:50:53","guid":{"rendered":"https:\/\/atlante.design\/?page_id=314"},"modified":"2026-02-10T13:10:12","modified_gmt":"2026-02-10T12:10:12","slug":"privacy-police","status":"publish","type":"page","link":"https:\/\/atlante.design\/es\/privacy-police\/","title":{"rendered":"Polic\u00eda de Privacidad"},"content":{"rendered":"<div data-elementor-type=\"wp-page\" data-elementor-id=\"314\" class=\"elementor elementor-314\" data-elementor-post-type=\"page\">\n\t\t\t\t<div class=\"elementor-element elementor-element-541daf2 e-flex e-con-boxed e-con e-parent\" data-id=\"541daf2\" data-element_type=\"container\" data-e-type=\"container\" data-settings=\"{&quot;background_background&quot;:&quot;classic&quot;}\">\n\t\t\t\t\t<div class=\"e-con-inner\">\n\t\t\t\t<div class=\"elementor-element elementor-element-d59db18 elementor-widget elementor-widget-heading\" data-id=\"d59db18\" data-element_type=\"widget\" data-e-type=\"widget\" data-widget_type=\"heading.default\">\n\t\t\t\t<div class=\"elementor-widget-container\">\n\t\t\t\t\t<h1 class=\"elementor-heading-title elementor-size-default\">Polic\u00eda de Privacidad<\/h1>\t\t\t\t<\/div>\n\t\t\t\t<\/div>\n\t\t\t\t\t<\/div>\n\t\t\t\t<\/div>\n\t\t<div class=\"elementor-element elementor-element-561bb076 e-flex e-con-boxed e-con e-parent\" data-id=\"561bb076\" data-element_type=\"container\" data-e-type=\"container\" data-settings=\"{&quot;background_background&quot;:&quot;classic&quot;}\">\n\t\t\t\t\t<div class=\"e-con-inner\">\n\t\t\t\t<div class=\"elementor-element elementor-element-73f52db elementor-widget elementor-widget-text-editor\" data-id=\"73f52db\" data-element_type=\"widget\" data-e-type=\"widget\" data-widget_type=\"text-editor.default\">\n\t\t\t\t<div class=\"elementor-widget-container\">\n\t\t\t\t\t\t\t\t\t\n<p>\u00a0<\/p>\n\n<h3 class=\"wp-block-heading\">1. INFORMACI\u00d3N DEL USUARIO<\/h3>\n\n<p>Este sitio web informa a los usuarios sobre su pol\u00edtica relativa al tratamiento y la protecci\u00f3n de los datos personales de los usuarios y clientes que puedan recopilarse durante la navegaci\u00f3n por el sitio.<\/p>\n\n<p>El sitio web es el <strong>Controlador de datos<\/strong> Responsable del tratamiento de los datos personales de los usuarios. Por consiguiente, se proporciona la siguiente informaci\u00f3n relativa al tratamiento de dichos datos:<\/p>\n\n<p><strong>Criterios de retenci\u00f3n de datos:<\/strong> Los datos personales facilitados se conservar\u00e1n hasta que el interesado solicite su suspensi\u00f3n ejerciendo sus derechos y, en cualquier caso, durante el plazo exigido por los plazos de prescripci\u00f3n legales aplicables.<\/p>\n\n<p><strong>Derechos de los interesados:<\/strong><\/p>\n\n<ul class=\"wp-block-list\">\n<li>Derecho a retirar el consentimiento en cualquier momento.<\/li>\n\n<li>Derecho de acceso, rectificaci\u00f3n, supresi\u00f3n, portabilidad de los datos, limitaci\u00f3n u oposici\u00f3n al tratamiento, y derecho a no ser objeto de decisiones individuales automatizadas.<\/li>\n<\/ul>\n\n<p><strong>Datos de contacto para ejercer sus derechos:<\/strong><\/p>\n\n<p>Debe presentar una identificaci\u00f3n v\u00e1lida e indicar claramente el derecho que desea ejercer.<\/p>\n\n<p><strong>Compa\u00f1\u00eda:<\/strong> Sara Di Maio<br \/><strong>N\u00famero de identificaci\u00f3n fiscal (NIF):<\/strong> Z0294922K<br \/><strong>Parte responsable:<\/strong> H\u00e9ctor<br \/><strong>DIRECCI\u00d3N:<\/strong> Calle de Francesc Suau, 14a, 3A Norte<br \/><strong>C\u00f3digo postal y ciudad:<\/strong> 07010 Palma, Illes Balears<br \/><strong>Tel\u00e9fono:<\/strong> +34 658584552<br \/><strong>Correo electr\u00f3nico:<\/strong> <a href=\"mailto:info@hectorparraarchitects.com\">info@hectorparraarchitects.com<\/a><\/p>\n\n<h3 class=\"wp-block-heading\">2. INFORMACI\u00d3N PROPORCIONADA POR EL USUARIO<\/h3>\n\n<p>Si eres menor de 18 a\u00f1os, no tienes permitido utilizar los formularios de nuestro sitio web.<\/p>\n\n<p>Al introducir sus datos en los formularios de contacto o descarga, los usuarios aceptan de forma expresa, libre e inequ\u00edvoca que dichos datos son necesarios para que el Responsable del Tratamiento pueda tramitar su solicitud. La inclusi\u00f3n de informaci\u00f3n en los dem\u00e1s campos es voluntaria.<\/p>\n\n<p>El usuario garantiza que los datos personales proporcionados son veraces y se responsabiliza de comunicar cualquier cambio en dichos datos.<\/p>\n\n<p>Todos los datos solicitados a trav\u00e9s del sitio web son necesarios para brindar un servicio \u00f3ptimo al usuario. Si no se proporcionan todos los datos, no se puede garantizar que la informaci\u00f3n y los servicios ofrecidos por el Responsable del Tratamiento satisfagan plenamente las necesidades del usuario.<\/p>\n\n<h3 class=\"wp-block-heading\">3. MEDIDAS DE SEGURIDAD<\/h3>\n\n<p>De conformidad con la legislaci\u00f3n vigente en materia de protecci\u00f3n de datos personales, el Responsable del Tratamiento cumple con todas las disposiciones de la <strong>RGPD<\/strong> y el <strong>Ley Org\u00e1nica Espa\u00f1ola de Protecci\u00f3n de Datos (LOPD)<\/strong> En lo que respecta al tratamiento de datos personales bajo su responsabilidad, dichos datos se tratan de forma l\u00edcita, leal y transparente en relaci\u00f3n con el interesado, y son adecuados, pertinentes y limitados a lo necesario para los fines para los que se tratan.<\/p>\n\n<p>El Responsable del Tratamiento garantiza que se han implementado pol\u00edticas t\u00e9cnicas y organizativas adecuadas para aplicar las medidas de seguridad establecidas por el RGPD y la LOPD, con el fin de proteger los derechos y libertades de los usuarios, y ha proporcionado a los usuarios informaci\u00f3n suficiente para que puedan ejercer esos derechos.<\/p>\n\n<h3 class=\"wp-block-heading\">4. VULNERACIONES DE SEGURIDAD<\/h3>\n\n<p>El Responsable del Tratamiento de Datos notificar\u00e1 cualquier violaci\u00f3n de seguridad que afecte a la base de datos utilizada por este sitio web, o por cualquiera de nuestros proveedores de servicios externos, a cada persona y autoridad cuyos datos puedan haber sido afectados, dentro de <strong>72 horas<\/strong> de detectar la brecha.<\/p>\n\n<h3 class=\"wp-block-heading\">LEY APLICABLE Y JURISDICCI\u00d3N<\/h3>\n\n<p>Para la resoluci\u00f3n de todas las disputas o problemas relacionados con este sitio web o las actividades realizadas en \u00e9l, <strong>Derecho espa\u00f1ol<\/strong> ser\u00e1 aplicable, y las partes se someten expresamente a ello. <strong>Juzgados y Tribunales de Barcelona<\/strong> tendr\u00e1 jurisdicci\u00f3n sobre todos los conflictos que surjan de o est\u00e9n relacionados con el uso de este sitio web.<\/p>\n\t\t\t\t\t\t\t\t<\/div>\n\t\t\t\t<\/div>\n\t\t\t\t\t<\/div>\n\t\t\t\t<\/div>\n\t\t\t\t<\/div>","protected":false},"excerpt":{"rendered":"<p>\u00a0 1. USER INFORMATION This website informs users about its policy regarding the processing and protection of personal data of users and clients that may be collected while browsing the site. The website is the Data Controller responsible for processing users\u2019 personal data. Accordingly, the following information is provided regarding the processing of such data: [&hellip;]<\/p>\n","protected":false},"author":1,"featured_media":0,"parent":0,"menu_order":0,"comment_status":"closed","ping_status":"closed","template":"","meta":{"footnotes":""},"class_list":["post-314","page","type-page","status-publish","hentry"],"yoast_head":"<!-- This site is optimized with the Yoast SEO plugin v27.3 - https:\/\/yoast.com\/product\/yoast-seo-wordpress\/ -->\n<title>Privacy Police - Atlante Design Agency<\/title>\n<meta name=\"robots\" content=\"index, follow, max-snippet:-1, max-image-preview:large, max-video-preview:-1\" \/>\n<link rel=\"canonical\" href=\"https:\/\/atlante.design\/es\/privacy-police\/\" \/>\n<meta property=\"og:locale\" content=\"es_ES\" \/>\n<meta property=\"og:type\" content=\"article\" \/>\n<meta property=\"og:title\" content=\"Privacy Police - Atlante Design Agency\" \/>\n<meta property=\"og:description\" content=\"\u00a0 1. USER INFORMATION This website informs users about its policy regarding the processing and protection of personal data of users and clients that may be collected while browsing the site. The website is the Data Controller responsible for processing users\u2019 personal data. Accordingly, the following information is provided regarding the processing of such data: [&hellip;]\" \/>\n<meta property=\"og:url\" content=\"https:\/\/atlante.design\/es\/privacy-police\/\" \/>\n<meta property=\"og:site_name\" content=\"Atlante Design Agency\" \/>\n<meta property=\"article:modified_time\" content=\"2026-02-10T12:10:12+00:00\" \/>\n<meta name=\"twitter:card\" content=\"summary_large_image\" \/>\n<meta name=\"twitter:label1\" content=\"Tiempo de lectura\" \/>\n\t<meta name=\"twitter:data1\" content=\"3 minutos\" \/>\n<script type=\"application\/ld+json\" class=\"yoast-schema-graph\">{\"@context\":\"https:\\\/\\\/schema.org\",\"@graph\":[{\"@type\":\"WebPage\",\"@id\":\"https:\\\/\\\/atlante.design\\\/privacy-police\\\/\",\"url\":\"https:\\\/\\\/atlante.design\\\/privacy-police\\\/\",\"name\":\"Privacy Police - Atlante Design Agency\",\"isPartOf\":{\"@id\":\"https:\\\/\\\/atlante.design\\\/#website\"},\"datePublished\":\"2025-11-03T18:50:53+00:00\",\"dateModified\":\"2026-02-10T12:10:12+00:00\",\"breadcrumb\":{\"@id\":\"https:\\\/\\\/atlante.design\\\/privacy-police\\\/#breadcrumb\"},\"inLanguage\":\"es\",\"potentialAction\":[{\"@type\":\"ReadAction\",\"target\":[\"https:\\\/\\\/atlante.design\\\/privacy-police\\\/\"]}]},{\"@type\":\"BreadcrumbList\",\"@id\":\"https:\\\/\\\/atlante.design\\\/privacy-police\\\/#breadcrumb\",\"itemListElement\":[{\"@type\":\"ListItem\",\"position\":1,\"name\":\"Portada\",\"item\":\"https:\\\/\\\/atlante.design\\\/\"},{\"@type\":\"ListItem\",\"position\":2,\"name\":\"Privacy Police\"}]},{\"@type\":\"WebSite\",\"@id\":\"https:\\\/\\\/atlante.design\\\/#website\",\"url\":\"https:\\\/\\\/atlante.design\\\/\",\"name\":\"Atlante Design Agency\",\"description\":\"Global Consulting &amp; Representation for Artists and Designers\",\"potentialAction\":[{\"@type\":\"SearchAction\",\"target\":{\"@type\":\"EntryPoint\",\"urlTemplate\":\"https:\\\/\\\/atlante.design\\\/?s={search_term_string}\"},\"query-input\":{\"@type\":\"PropertyValueSpecification\",\"valueRequired\":true,\"valueName\":\"search_term_string\"}}],\"inLanguage\":\"es\"}]}<\/script>\n<!-- \/ Yoast SEO plugin. -->","yoast_head_json":{"title":"Privacy Police - Atlante Design Agency","robots":{"index":"index","follow":"follow","max-snippet":"max-snippet:-1","max-image-preview":"max-image-preview:large","max-video-preview":"max-video-preview:-1"},"canonical":"https:\/\/atlante.design\/es\/privacy-police\/","og_locale":"es_ES","og_type":"article","og_title":"Privacy Police - Atlante Design Agency","og_description":"\u00a0 1. USER INFORMATION This website informs users about its policy regarding the processing and protection of personal data of users and clients that may be collected while browsing the site. The website is the Data Controller responsible for processing users\u2019 personal data. Accordingly, the following information is provided regarding the processing of such data: [&hellip;]","og_url":"https:\/\/atlante.design\/es\/privacy-police\/","og_site_name":"Atlante Design Agency","article_modified_time":"2026-02-10T12:10:12+00:00","twitter_card":"summary_large_image","twitter_misc":{"Tiempo de lectura":"3 minutos"},"schema":{"@context":"https:\/\/schema.org","@graph":[{"@type":"WebPage","@id":"https:\/\/atlante.design\/privacy-police\/","url":"https:\/\/atlante.design\/privacy-police\/","name":"Privacy Police - Atlante Design Agency","isPartOf":{"@id":"https:\/\/atlante.design\/#website"},"datePublished":"2025-11-03T18:50:53+00:00","dateModified":"2026-02-10T12:10:12+00:00","breadcrumb":{"@id":"https:\/\/atlante.design\/privacy-police\/#breadcrumb"},"inLanguage":"es","potentialAction":[{"@type":"ReadAction","target":["https:\/\/atlante.design\/privacy-police\/"]}]},{"@type":"BreadcrumbList","@id":"https:\/\/atlante.design\/privacy-police\/#breadcrumb","itemListElement":[{"@type":"ListItem","position":1,"name":"Portada","item":"https:\/\/atlante.design\/"},{"@type":"ListItem","position":2,"name":"Privacy Police"}]},{"@type":"WebSite","@id":"https:\/\/atlante.design\/#website","url":"https:\/\/atlante.design\/","name":"Atlante Design Agency","description":"Global Consulting &amp; Representation for Artists and Designers","potentialAction":[{"@type":"SearchAction","target":{"@type":"EntryPoint","urlTemplate":"https:\/\/atlante.design\/?s={search_term_string}"},"query-input":{"@type":"PropertyValueSpecification","valueRequired":true,"valueName":"search_term_string"}}],"inLanguage":"es"}]}},"_links":{"self":[{"href":"https:\/\/atlante.design\/es\/wp-json\/wp\/v2\/pages\/314","targetHints":{"allow":["GET"]}}],"collection":[{"href":"https:\/\/atlante.design\/es\/wp-json\/wp\/v2\/pages"}],"about":[{"href":"https:\/\/atlante.design\/es\/wp-json\/wp\/v2\/types\/page"}],"author":[{"embeddable":true,"href":"https:\/\/atlante.design\/es\/wp-json\/wp\/v2\/users\/1"}],"replies":[{"embeddable":true,"href":"https:\/\/atlante.design\/es\/wp-json\/wp\/v2\/comments?post=314"}],"version-history":[{"count":0,"href":"https:\/\/atlante.design\/es\/wp-json\/wp\/v2\/pages\/314\/revisions"}],"wp:attachment":[{"href":"https:\/\/atlante.design\/es\/wp-json\/wp\/v2\/media?parent=314"}],"curies":[{"name":"wp","href":"https:\/\/api.w.org\/{rel}","templated":true}]}}