{"id":315,"date":"2025-11-03T19:51:03","date_gmt":"2025-11-03T18:51:03","guid":{"rendered":"https:\/\/atlante.design\/?page_id=315"},"modified":"2026-01-29T16:11:12","modified_gmt":"2026-01-29T15:11:12","slug":"cookies-police","status":"publish","type":"page","link":"https:\/\/atlante.design\/es\/cookies-police\/","title":{"rendered":"Polic\u00eda de las Cookies"},"content":{"rendered":"<div data-elementor-type=\"wp-page\" data-elementor-id=\"315\" class=\"elementor elementor-315\" data-elementor-post-type=\"page\">\n\t\t\t\t<div class=\"elementor-element elementor-element-4eb16a2 e-flex e-con-boxed e-con e-parent\" data-id=\"4eb16a2\" data-element_type=\"container\" data-e-type=\"container\" data-settings=\"{&quot;background_background&quot;:&quot;classic&quot;}\">\n\t\t\t\t\t<div class=\"e-con-inner\">\n\t\t\t\t<div class=\"elementor-element elementor-element-782bacb elementor-widget elementor-widget-heading\" data-id=\"782bacb\" data-element_type=\"widget\" data-e-type=\"widget\" data-widget_type=\"heading.default\">\n\t\t\t\t<div class=\"elementor-widget-container\">\n\t\t\t\t\t<h1 class=\"elementor-heading-title elementor-size-default\">Polic\u00eda de las Cookies<\/h1>\t\t\t\t<\/div>\n\t\t\t\t<\/div>\n\t\t\t\t\t<\/div>\n\t\t\t\t<\/div>\n\t\t<div class=\"elementor-element elementor-element-7accf96b e-flex e-con-boxed e-con e-parent\" data-id=\"7accf96b\" data-element_type=\"container\" data-e-type=\"container\" data-settings=\"{&quot;background_background&quot;:&quot;classic&quot;}\">\n\t\t\t\t\t<div class=\"e-con-inner\">\n\t\t\t\t<div class=\"elementor-element elementor-element-26861771 elementor-widget elementor-widget-text-editor\" data-id=\"26861771\" data-element_type=\"widget\" data-e-type=\"widget\" data-widget_type=\"text-editor.default\">\n\t\t\t\t<div class=\"elementor-widget-container\">\n\t\t\t\t\t\t\t\t\t\n<h3 class=\"wp-block-heading\">\u00a0<\/h3>\n\n<p>Esta pol\u00edtica de cookies se actualiz\u00f3 por \u00faltima vez el <strong>01\/08\/2024<\/strong> y se aplica a los ciudadanos y residentes permanentes legales del <strong>Espacio Econ\u00f3mico Europeo y Suiza<\/strong>.<\/p>\n\n<h3 class=\"wp-block-heading\">1. Introducci\u00f3n<\/h3>\n\n<p>Nuestro sitio web, <strong><a href=\"https:\/\/hectorparra.provesonlinevalles.com\/\">https:\/\/hectorparra.provesonlinevalles.com<\/a><\/strong> (en adelante, \u201cel sitio web\u201d) utiliza cookies y otras tecnolog\u00edas relacionadas (para mayor comodidad, nos referiremos a todas ellas como \u201ccookies\u201d). Tambi\u00e9n podemos instalar cookies de terceros con los que hemos contratado. Este documento proporciona informaci\u00f3n sobre el uso de cookies en nuestro sitio web.<\/p>\n\n<h3 class=\"wp-block-heading\">2. \u00bfQu\u00e9 son las cookies?<\/h3>\n\n<p>Una cookie es un peque\u00f1o archivo que se env\u00eda junto con las p\u00e1ginas de este sitio web y que su navegador almacena en el disco duro de su ordenador u otro dispositivo. La informaci\u00f3n almacenada en ella puede ser devuelta a nuestros servidores o a los servidores de terceros relevantes durante una visita posterior.<\/p>\n\n<h3 class=\"wp-block-heading\">3. \u00bfQu\u00e9 son los guiones?<\/h3>\n\n<p>Un script es un fragmento de c\u00f3digo de programaci\u00f3n que se utiliza para que nuestro sitio web funcione correctamente y de forma interactiva. Este c\u00f3digo se ejecuta en nuestro servidor o en tu dispositivo.<\/p>\n\n<h3 class=\"wp-block-heading\">4. \u00bfQu\u00e9 es una baliza web?<\/h3>\n\n<p>Un web beacon (tambi\u00e9n conocido como etiqueta de p\u00edxel) es un peque\u00f1o fragmento de texto o imagen invisible en un sitio web que se utiliza para monitorizar el tr\u00e1fico web. Diversos datos sobre usted pueden almacenarse a trav\u00e9s de estos web beacons.<\/p>\n\n<h3 class=\"wp-block-heading\">5. Galletas<\/h3>\n\n<h4 class=\"wp-block-heading\">5.1 Cookies t\u00e9cnicas o funcionales<\/h4>\n\n<p>Algunas cookies garantizan el correcto funcionamiento de ciertas partes del sitio web y que se recuerden sus preferencias de usuario. Al instalar cookies funcionales, facilitamos su visita a nuestro sitio web. Por ejemplo, no tendr\u00e1 que introducir la misma informaci\u00f3n repetidamente y los art\u00edculos permanecer\u00e1n en su carrito de compra hasta que finalice su compra. Podemos instalar estas cookies sin su consentimiento.<\/p>\n\n<h4 class=\"wp-block-heading\">5.2 Cookies de marketing\/seguimiento<\/h4>\n\n<p>Las cookies de marketing\/seguimiento son cookies o cualquier otra forma de almacenamiento local que se utiliza para crear perfiles de usuario con el fin de mostrar publicidad o realizar un seguimiento de los usuarios en este u otros sitios web con fines de marketing similares.<\/p>\n\n<h3 class=\"wp-block-heading\">6. Cookies utilizadas<\/h3>\n\n<p><strong>Elementor<\/strong><\/p>\n\n<ul class=\"wp-block-list\">\n<li>Finalidad: Estad\u00edsticas (an\u00f3nimo)<\/li>\n\n<li>Consentimiento para recibir el servicio: <em>elemento<\/em><\/li>\n<\/ul>\n\n<p><strong>WordPress<\/strong><\/p>\n\n<ul class=\"wp-block-list\">\n<li>Prop\u00f3sito: Funcional<\/li>\n\n<li>Consentimiento para recibir el servicio: <em>WordPress<\/em><\/li>\n<\/ul>\n\n<p><strong>Varios<\/strong><\/p>\n\n<ul class=\"wp-block-list\">\n<li>Prop\u00f3sito: Investigaci\u00f3n pendiente<\/li>\n\n<li>Consentimiento para recibir el servicio: <em>varios<\/em><\/li>\n<\/ul>\n\n<h3 class=\"wp-block-heading\">7. Consent<\/h3>\n\n<p>Cuando visite nuestro sitio web por primera vez, aparecer\u00e1 una ventana emergente que le explicar\u00e1 qu\u00e9 son las cookies. Tan pronto como haga clic en <strong>\u201cGuardar preferencias\u201d<\/strong>, Al aceptar, usted da su consentimiento para que utilicemos las categor\u00edas de cookies y los complementos que seleccion\u00f3 en la ventana emergente, tal como se describe en esta pol\u00edtica de cookies.<\/p>\n\n<p>Puedes desactivar las cookies a trav\u00e9s de tu navegador, pero ten en cuenta que es posible que nuestro sitio web deje de funcionar correctamente.<\/p>\n\n<h4 class=\"wp-block-heading\">7.1 Gestionar la configuraci\u00f3n de consentimiento<\/h4>\n\n<ul class=\"wp-block-list\">\n<li><strong>Funcional:<\/strong> Siempre activo<\/li>\n\n<li><strong>Marketing:<\/strong> Marketing<\/li>\n<\/ul>\n\n<h3 class=\"wp-block-heading\">8. Activaci\u00f3n\/desactivaci\u00f3n y eliminaci\u00f3n de cookies<\/h3>\n\n<p>Puedes usar tu navegador para eliminar las cookies de forma autom\u00e1tica o manual. Tambi\u00e9n puedes configurar tu navegador para que no permita la instalaci\u00f3n de ciertas cookies. Otra opci\u00f3n es modificar la configuraci\u00f3n de tu navegador para recibir una notificaci\u00f3n cada vez que se instale una cookie. Para obtener m\u00e1s informaci\u00f3n sobre estas opciones, consulta la secci\u00f3n de \u201cAyuda\u201d de tu navegador.<\/p>\n\n<p>Tenga en cuenta que nuestro sitio web podr\u00eda no funcionar correctamente si desactiva todas las cookies. Si elimina las cookies de su navegador, se volver\u00e1n a instalar tras su consentimiento cuando vuelva a visitar nuestro sitio web.<\/p>\n\n<h3 class=\"wp-block-heading\">9. Sus derechos en relaci\u00f3n con los datos personales<\/h3>\n\n<p>Usted tiene los siguientes derechos con respecto a sus datos personales:<\/p>\n\n<ul class=\"wp-block-list\">\n<li><strong>Derecho a la informaci\u00f3n:<\/strong> Usted tiene derecho a saber por qu\u00e9 se necesitan sus datos personales, qu\u00e9 sucede con ellos y durante cu\u00e1nto tiempo se conservar\u00e1n.<\/li>\n\n<li><strong>Derecho de acceso:<\/strong> Usted tiene derecho a acceder a sus datos personales que obran en nuestro poder.<\/li>\n\n<li><strong>Derecho de rectificaci\u00f3n:<\/strong> Usted tiene derecho a complementar, corregir, eliminar o bloquear sus datos personales cuando lo desee.<\/li>\n\n<li><strong>Derecho a retirar el consentimiento:<\/strong> Si ha dado su consentimiento para el tratamiento de datos, tiene derecho a revocar dicho consentimiento y a que se eliminen sus datos personales.<\/li>\n\n<li><strong>Derecho a la portabilidad de datos:<\/strong> Usted tiene derecho a solicitar al responsable del tratamiento todos sus datos personales y a transferirlos \u00edntegramente a otro responsable del tratamiento.<\/li>\n\n<li><strong>Derecho a oponerse:<\/strong> Usted puede oponerse al tratamiento de sus datos. Respetaremos su oposici\u00f3n a menos que existan motivos leg\u00edtimos para dicho tratamiento.<\/li>\n<\/ul>\n\n<p>Para ejercer estos derechos, p\u00f3ngase en contacto con nosotros. Encontrar\u00e1 nuestros datos de contacto al final de esta pol\u00edtica de cookies.<\/p>\n\n<p>Si tiene alguna queja sobre c\u00f3mo gestionamos sus datos, le agradecer\u00edamos que nos lo comunicara, pero tambi\u00e9n tiene derecho a presentar una reclamaci\u00f3n ante la autoridad de control competente (autoridad de protecci\u00f3n de datos).<\/p>\n\n<h3 class=\"wp-block-heading\">10. Datos de contacto<\/h3>\n\n<p>Para cualquier pregunta o comentario sobre nuestra pol\u00edtica de cookies y esta declaraci\u00f3n, p\u00f3ngase en contacto con nosotros utilizando los siguientes datos:<\/p>\n\n<p><strong>Compa\u00f1\u00eda:<\/strong> H\u00c9CTOR PARRA \u00c1LVAREZ<br \/><strong>N\u00famero de identificaci\u00f3n fiscal (NIF):<\/strong> 71430384C<br \/><strong>Parte responsable:<\/strong> H\u00e9ctor<br \/><strong>DIRECCI\u00d3N:<\/strong> Calle de Francesc Suau, 14a, 3A Norte<br \/><strong>C\u00f3digo postal y ciudad:<\/strong> 07010 Palma, Illes Balears<br \/><strong>Tel\u00e9fono:<\/strong> +34 658 584 552<br \/><strong>Correo electr\u00f3nico:<\/strong> <a href=\"mailto:info@hectorparraarchitects.com\">info@hectorparraarchitects.com<\/a><\/p>\n\n<p>Esta pol\u00edtica de cookies se sincroniz\u00f3 con <strong>cookiedatabase.org<\/strong> en <strong>01\/08\/2024<\/strong>.<\/p>\n\n<p>\u00a0<\/p>\n\t\t\t\t\t\t\t\t<\/div>\n\t\t\t\t<\/div>\n\t\t\t\t\t<\/div>\n\t\t\t\t<\/div>\n\t\t\t\t<\/div>","protected":false},"excerpt":{"rendered":"<p>\u00a0 This cookie policy was last updated on 01\/08\/2024 and applies to citizens and lawful permanent residents of the European Economic Area and Switzerland. 1. Introduction Our website, https:\/\/hectorparra.provesonlinevalles.com (hereinafter, \u201cthe website\u201d), uses cookies and other related technologies (for convenience, all such technologies are referred to as \u201ccookies\u201d). Cookies may also be placed by third [&hellip;]<\/p>\n","protected":false},"author":1,"featured_media":0,"parent":0,"menu_order":0,"comment_status":"closed","ping_status":"closed","template":"","meta":{"footnotes":""},"class_list":["post-315","page","type-page","status-publish","hentry"],"yoast_head":"<!-- This site is optimized with the Yoast SEO plugin v27.3 - https:\/\/yoast.com\/product\/yoast-seo-wordpress\/ -->\n<title>Cookies Police - Atlante Design Agency<\/title>\n<meta name=\"robots\" content=\"index, follow, max-snippet:-1, max-image-preview:large, max-video-preview:-1\" \/>\n<link rel=\"canonical\" href=\"https:\/\/atlante.design\/es\/cookies-police\/\" \/>\n<meta property=\"og:locale\" content=\"es_ES\" \/>\n<meta property=\"og:type\" content=\"article\" \/>\n<meta property=\"og:title\" content=\"Cookies Police - Atlante Design Agency\" \/>\n<meta property=\"og:description\" content=\"\u00a0 This cookie policy was last updated on 01\/08\/2024 and applies to citizens and lawful permanent residents of the European Economic Area and Switzerland. 1. Introduction Our website, https:\/\/hectorparra.provesonlinevalles.com (hereinafter, \u201cthe website\u201d), uses cookies and other related technologies (for convenience, all such technologies are referred to as \u201ccookies\u201d). Cookies may also be placed by third [&hellip;]\" \/>\n<meta property=\"og:url\" content=\"https:\/\/atlante.design\/es\/cookies-police\/\" \/>\n<meta property=\"og:site_name\" content=\"Atlante Design Agency\" \/>\n<meta property=\"article:modified_time\" content=\"2026-01-29T15:11:12+00:00\" \/>\n<meta name=\"twitter:card\" content=\"summary_large_image\" \/>\n<meta name=\"twitter:label1\" content=\"Tiempo de lectura\" \/>\n\t<meta name=\"twitter:data1\" content=\"4 minutos\" \/>\n<script type=\"application\/ld+json\" class=\"yoast-schema-graph\">{\"@context\":\"https:\\\/\\\/schema.org\",\"@graph\":[{\"@type\":\"WebPage\",\"@id\":\"https:\\\/\\\/atlante.design\\\/cookies-police\\\/\",\"url\":\"https:\\\/\\\/atlante.design\\\/cookies-police\\\/\",\"name\":\"Cookies Police - Atlante Design Agency\",\"isPartOf\":{\"@id\":\"https:\\\/\\\/atlante.design\\\/#website\"},\"datePublished\":\"2025-11-03T18:51:03+00:00\",\"dateModified\":\"2026-01-29T15:11:12+00:00\",\"breadcrumb\":{\"@id\":\"https:\\\/\\\/atlante.design\\\/cookies-police\\\/#breadcrumb\"},\"inLanguage\":\"es\",\"potentialAction\":[{\"@type\":\"ReadAction\",\"target\":[\"https:\\\/\\\/atlante.design\\\/cookies-police\\\/\"]}]},{\"@type\":\"BreadcrumbList\",\"@id\":\"https:\\\/\\\/atlante.design\\\/cookies-police\\\/#breadcrumb\",\"itemListElement\":[{\"@type\":\"ListItem\",\"position\":1,\"name\":\"Portada\",\"item\":\"https:\\\/\\\/atlante.design\\\/\"},{\"@type\":\"ListItem\",\"position\":2,\"name\":\"Cookies Police\"}]},{\"@type\":\"WebSite\",\"@id\":\"https:\\\/\\\/atlante.design\\\/#website\",\"url\":\"https:\\\/\\\/atlante.design\\\/\",\"name\":\"Atlante Design Agency\",\"description\":\"Global Consulting &amp; Representation for Artists and Designers\",\"potentialAction\":[{\"@type\":\"SearchAction\",\"target\":{\"@type\":\"EntryPoint\",\"urlTemplate\":\"https:\\\/\\\/atlante.design\\\/?s={search_term_string}\"},\"query-input\":{\"@type\":\"PropertyValueSpecification\",\"valueRequired\":true,\"valueName\":\"search_term_string\"}}],\"inLanguage\":\"es\"}]}<\/script>\n<!-- \/ Yoast SEO plugin. -->","yoast_head_json":{"title":"Cookies Police - Atlante Design Agency","robots":{"index":"index","follow":"follow","max-snippet":"max-snippet:-1","max-image-preview":"max-image-preview:large","max-video-preview":"max-video-preview:-1"},"canonical":"https:\/\/atlante.design\/es\/cookies-police\/","og_locale":"es_ES","og_type":"article","og_title":"Cookies Police - Atlante Design Agency","og_description":"\u00a0 This cookie policy was last updated on 01\/08\/2024 and applies to citizens and lawful permanent residents of the European Economic Area and Switzerland. 1. Introduction Our website, https:\/\/hectorparra.provesonlinevalles.com (hereinafter, \u201cthe website\u201d), uses cookies and other related technologies (for convenience, all such technologies are referred to as \u201ccookies\u201d). Cookies may also be placed by third [&hellip;]","og_url":"https:\/\/atlante.design\/es\/cookies-police\/","og_site_name":"Atlante Design Agency","article_modified_time":"2026-01-29T15:11:12+00:00","twitter_card":"summary_large_image","twitter_misc":{"Tiempo de lectura":"4 minutos"},"schema":{"@context":"https:\/\/schema.org","@graph":[{"@type":"WebPage","@id":"https:\/\/atlante.design\/cookies-police\/","url":"https:\/\/atlante.design\/cookies-police\/","name":"Cookies Police - Atlante Design Agency","isPartOf":{"@id":"https:\/\/atlante.design\/#website"},"datePublished":"2025-11-03T18:51:03+00:00","dateModified":"2026-01-29T15:11:12+00:00","breadcrumb":{"@id":"https:\/\/atlante.design\/cookies-police\/#breadcrumb"},"inLanguage":"es","potentialAction":[{"@type":"ReadAction","target":["https:\/\/atlante.design\/cookies-police\/"]}]},{"@type":"BreadcrumbList","@id":"https:\/\/atlante.design\/cookies-police\/#breadcrumb","itemListElement":[{"@type":"ListItem","position":1,"name":"Portada","item":"https:\/\/atlante.design\/"},{"@type":"ListItem","position":2,"name":"Cookies Police"}]},{"@type":"WebSite","@id":"https:\/\/atlante.design\/#website","url":"https:\/\/atlante.design\/","name":"Atlante Design Agency","description":"Global Consulting &amp; Representation for Artists and Designers","potentialAction":[{"@type":"SearchAction","target":{"@type":"EntryPoint","urlTemplate":"https:\/\/atlante.design\/?s={search_term_string}"},"query-input":{"@type":"PropertyValueSpecification","valueRequired":true,"valueName":"search_term_string"}}],"inLanguage":"es"}]}},"_links":{"self":[{"href":"https:\/\/atlante.design\/es\/wp-json\/wp\/v2\/pages\/315","targetHints":{"allow":["GET"]}}],"collection":[{"href":"https:\/\/atlante.design\/es\/wp-json\/wp\/v2\/pages"}],"about":[{"href":"https:\/\/atlante.design\/es\/wp-json\/wp\/v2\/types\/page"}],"author":[{"embeddable":true,"href":"https:\/\/atlante.design\/es\/wp-json\/wp\/v2\/users\/1"}],"replies":[{"embeddable":true,"href":"https:\/\/atlante.design\/es\/wp-json\/wp\/v2\/comments?post=315"}],"version-history":[{"count":0,"href":"https:\/\/atlante.design\/es\/wp-json\/wp\/v2\/pages\/315\/revisions"}],"wp:attachment":[{"href":"https:\/\/atlante.design\/es\/wp-json\/wp\/v2\/media?parent=315"}],"curies":[{"name":"wp","href":"https:\/\/api.w.org\/{rel}","templated":true}]}}