{"id":316,"date":"2025-11-03T19:53:43","date_gmt":"2025-11-03T18:53:43","guid":{"rendered":"https:\/\/atlante.design\/?page_id=316"},"modified":"2026-03-20T10:13:42","modified_gmt":"2026-03-20T09:13:42","slug":"accessibility-statement","status":"publish","type":"page","link":"https:\/\/atlante.design\/es\/accessibility-statement\/","title":{"rendered":"Declaraci\u00f3n de accesibilidad"},"content":{"rendered":"<div data-elementor-type=\"wp-page\" data-elementor-id=\"316\" class=\"elementor elementor-316\" data-elementor-post-type=\"page\">\n\t\t\t\t<div class=\"elementor-element elementor-element-c8b31c4 e-flex e-con-boxed e-con e-parent\" data-id=\"c8b31c4\" data-element_type=\"container\" data-e-type=\"container\" data-settings=\"{&quot;background_background&quot;:&quot;classic&quot;}\">\n\t\t\t\t\t<div class=\"e-con-inner\">\n\t\t\t\t<div class=\"elementor-element elementor-element-41a039c elementor-widget elementor-widget-heading\" data-id=\"41a039c\" data-element_type=\"widget\" data-e-type=\"widget\" data-widget_type=\"heading.default\">\n\t\t\t\t<div class=\"elementor-widget-container\">\n\t\t\t\t\t<h1 class=\"elementor-heading-title elementor-size-default\">Declaraci\u00f3n de accesibilidad<\/h1>\t\t\t\t<\/div>\n\t\t\t\t<\/div>\n\t\t\t\t\t<\/div>\n\t\t\t\t<\/div>\n\t\t<div class=\"elementor-element elementor-element-4ed9e349 e-flex e-con-boxed e-con e-parent\" data-id=\"4ed9e349\" data-element_type=\"container\" data-e-type=\"container\" data-settings=\"{&quot;background_background&quot;:&quot;classic&quot;}\">\n\t\t\t\t\t<div class=\"e-con-inner\">\n\t\t\t\t<div class=\"elementor-element elementor-element-c9e504a elementor-widget elementor-widget-text-editor\" data-id=\"c9e504a\" data-element_type=\"widget\" data-e-type=\"widget\" data-widget_type=\"text-editor.default\">\n\t\t\t\t<div class=\"elementor-widget-container\">\n\t\t\t\t\t\t\t\t\t\n<p>ATLANTE Design se compromete a garantizar la accesibilidad de su sitio web, de conformidad con el Real Decreto 1112\/2018, de 7 de septiembre, sobre accesibilidad de los sitios web y aplicaciones m\u00f3viles del sector p\u00fablico. Esta declaraci\u00f3n de accesibilidad se aplica a este sitio web.<\/p>\n\n\n\n<h3 class=\"wp-block-heading\" style=\"font-family: \"arimo\", sans-serif;\">Estado de cumplimiento<\/h3>\n\n\n\n<p>Este sitio web ha sido desarrollado de acuerdo con <strong>Real Decreto 1112\/2018<\/strong>.<\/p>\n\n\n\n<h3 class=\"wp-block-heading\">Preparaci\u00f3n de esta Declaraci\u00f3n de Accesibilidad<\/h3>\n\n\n\n<p>Esta declaraci\u00f3n fue preparada el <strong>20 de abril de 2023<\/strong>.<br \/>El m\u00e9todo utilizado para preparar el estado de cuenta fue un <strong>autoevaluaci\u00f3n<\/strong>.<\/p>\n\n\n\n<h3 class=\"wp-block-heading\">Informaci\u00f3n de contacto y comentarios<\/h3>\n\n\n\n<p>Podr\u00e1 enviar comunicaciones relativas a los requisitos de accesibilidad (Art\u00edculo 10.2.a del Real Decreto 1112\/2018), tales como:<\/p>\n\n\n\n<ul class=\"wp-block-list\">\n<li>Informar sobre cualquier posible incumplimiento por parte de este sitio web.<\/li>\n\n\n\n<li>Comunicar otras dificultades para acceder al contenido.<\/li>\n\n\n\n<li>Enviar cualquier otra consulta o sugerencia para mejorar la accesibilidad del sitio web a trav\u00e9s del sitio web. <strong>formulario de contacto<\/strong> o por tel\u00e9fono.<\/li>\n<\/ul>\n\n\n\n<p>Tambi\u00e9n puede enviar:<\/p>\n\n\n\n<ul class=\"wp-block-list\">\n<li>A <strong>queja<\/strong> en lo que respecta al cumplimiento de los requisitos del Real Decreto 1112\/2018.<\/li>\n\n\n\n<li>A <strong>solicitud de informaci\u00f3n accesible<\/strong> sobre:\n<ul class=\"wp-block-list\">\n<li>Contenido que queda excluido del \u00e1mbito de aplicaci\u00f3n del Real Decreto 1112\/2018 en virtud del art\u00edculo 3, apartado 4.<\/li>\n\n\n\n<li>Contenido que est\u00e1 exento del cumplimiento de los requisitos de accesibilidad debido a que impone una carga desproporcionada.<\/li>\n<\/ul>\n<\/li>\n<\/ul>\n\n\n\n<p>En una solicitud de informaci\u00f3n accesible, debe especificar claramente los hechos, los motivos y la solicitud para que pueda verificarse como razonable y leg\u00edtima.<\/p>\n\n\n\n<p>Las quejas y reclamaciones relacionadas con la informaci\u00f3n accesible deben presentarse a trav\u00e9s de <strong>sede electr\u00f3nica<\/strong> en <a href=\"https:\/\/sede.red.gob.es\/procedimientos\/quejas-y-sugerencias\">https:\/\/sede.red.gob.es\/procedimientos\/quejas-y-sugerencias<\/a>, donde ser\u00e1n recibidos y procesados por el <strong>Departamento de Sistemas de Informaci\u00f3n de Red.es<\/strong>.<\/p>\n\n\n\n<h3 class=\"wp-block-heading\">Contenido opcional<\/h3>\n\n\n\n<p>Si desea cambiar el tama\u00f1o del texto en los principales navegadores gr\u00e1ficos, utilice los siguientes men\u00fas:<\/p>\n\n\n\n<ul class=\"wp-block-list\">\n<li><strong>Safari:<\/strong> Ver &gt; Aumentar el tama\u00f1o del texto<\/li>\n\n\n\n<li><strong>Cromo:<\/strong> Controlar la p\u00e1gina actual &gt; Tama\u00f1o del texto<\/li>\n<\/ul>\n\n\n\n<p>Para ajustar el tama\u00f1o general de la p\u00e1gina:<\/p>\n\n\n\n<ul class=\"wp-block-list\">\n<li><strong>Ctrl + +<\/strong> aumentar<\/li>\n\n\n\n<li><strong>Ctrl + \u2013<\/strong> disminuir<\/li>\n\n\n\n<li><strong>Ctrl + 0<\/strong> para restaurar el tama\u00f1o de texto original<\/li>\n<\/ul>\n\n\n\n<p>Si desea deshabilitar la hoja de estilos o modificar el color del texto, consulte la <strong>WAI (Iniciativa de Accesibilidad Web)<\/strong> p\u00e1gina:<br \/><a href=\"https:\/\/www.w3.org\/WAI\/changedesign.html\">C\u00f3mo cambiar el tama\u00f1o o el color del texto.<\/a>,<br \/>que tambi\u00e9n est\u00e1 disponible en espa\u00f1ol como <em>\u00bfC\u00f3mo cambiar el tama\u00f1o del texto o los colores?<\/em><\/p>\n\n\n\n<p>&nbsp;<\/p>\n\t\t\t\t\t\t\t\t<\/div>\n\t\t\t\t<\/div>\n\t\t\t\t\t<\/div>\n\t\t\t\t<\/div>\n\t\t\t\t<\/div>","protected":false},"excerpt":{"rendered":"<p>ATLANTE Design\u00a0is committed to making its website accessible, in accordance with\u00a0Royal Decree 1112\/2018, of September 7, on the accessibility of public sector websites and mobile applications. This accessibility statement applies to this website. Compliance Status This website has been developed in accordance with Royal Decree 1112\/2018. Preparation of this Accessibility Statement This statement was prepared [&hellip;]<\/p>\n","protected":false},"author":1,"featured_media":0,"parent":0,"menu_order":0,"comment_status":"closed","ping_status":"closed","template":"","meta":{"footnotes":""},"class_list":["post-316","page","type-page","status-publish","hentry"],"yoast_head":"<!-- This site is optimized with the Yoast SEO plugin v27.3 - https:\/\/yoast.com\/product\/yoast-seo-wordpress\/ -->\n<title>Accessibility Statement - Atlante Design Agency<\/title>\n<meta name=\"robots\" content=\"index, follow, max-snippet:-1, max-image-preview:large, max-video-preview:-1\" \/>\n<link rel=\"canonical\" href=\"https:\/\/atlante.design\/es\/accessibility-statement\/\" \/>\n<meta property=\"og:locale\" content=\"es_ES\" \/>\n<meta property=\"og:type\" content=\"article\" \/>\n<meta property=\"og:title\" content=\"Accessibility Statement - Atlante Design Agency\" \/>\n<meta property=\"og:description\" content=\"ATLANTE Design\u00a0is committed to making its website accessible, in accordance with\u00a0Royal Decree 1112\/2018, of September 7, on the accessibility of public sector websites and mobile applications. This accessibility statement applies to this website. Compliance Status This website has been developed in accordance with Royal Decree 1112\/2018. Preparation of this Accessibility Statement This statement was prepared [&hellip;]\" \/>\n<meta property=\"og:url\" content=\"https:\/\/atlante.design\/es\/accessibility-statement\/\" \/>\n<meta property=\"og:site_name\" content=\"Atlante Design Agency\" \/>\n<meta property=\"article:modified_time\" content=\"2026-03-20T09:13:42+00:00\" \/>\n<meta name=\"twitter:card\" content=\"summary_large_image\" \/>\n<meta name=\"twitter:label1\" content=\"Tiempo de lectura\" \/>\n\t<meta name=\"twitter:data1\" content=\"2 minutos\" \/>\n<script type=\"application\/ld+json\" class=\"yoast-schema-graph\">{\"@context\":\"https:\\\/\\\/schema.org\",\"@graph\":[{\"@type\":\"WebPage\",\"@id\":\"https:\\\/\\\/atlante.design\\\/accessibility-statement\\\/\",\"url\":\"https:\\\/\\\/atlante.design\\\/accessibility-statement\\\/\",\"name\":\"Accessibility Statement - Atlante Design Agency\",\"isPartOf\":{\"@id\":\"https:\\\/\\\/atlante.design\\\/#website\"},\"datePublished\":\"2025-11-03T18:53:43+00:00\",\"dateModified\":\"2026-03-20T09:13:42+00:00\",\"breadcrumb\":{\"@id\":\"https:\\\/\\\/atlante.design\\\/accessibility-statement\\\/#breadcrumb\"},\"inLanguage\":\"es\",\"potentialAction\":[{\"@type\":\"ReadAction\",\"target\":[\"https:\\\/\\\/atlante.design\\\/accessibility-statement\\\/\"]}]},{\"@type\":\"BreadcrumbList\",\"@id\":\"https:\\\/\\\/atlante.design\\\/accessibility-statement\\\/#breadcrumb\",\"itemListElement\":[{\"@type\":\"ListItem\",\"position\":1,\"name\":\"Portada\",\"item\":\"https:\\\/\\\/atlante.design\\\/\"},{\"@type\":\"ListItem\",\"position\":2,\"name\":\"Accessibility Statement\"}]},{\"@type\":\"WebSite\",\"@id\":\"https:\\\/\\\/atlante.design\\\/#website\",\"url\":\"https:\\\/\\\/atlante.design\\\/\",\"name\":\"Atlante Design Agency\",\"description\":\"Global Consulting &amp; Representation for Artists and Designers\",\"potentialAction\":[{\"@type\":\"SearchAction\",\"target\":{\"@type\":\"EntryPoint\",\"urlTemplate\":\"https:\\\/\\\/atlante.design\\\/?s={search_term_string}\"},\"query-input\":{\"@type\":\"PropertyValueSpecification\",\"valueRequired\":true,\"valueName\":\"search_term_string\"}}],\"inLanguage\":\"es\"}]}<\/script>\n<!-- \/ Yoast SEO plugin. -->","yoast_head_json":{"title":"Accessibility Statement - Atlante Design Agency","robots":{"index":"index","follow":"follow","max-snippet":"max-snippet:-1","max-image-preview":"max-image-preview:large","max-video-preview":"max-video-preview:-1"},"canonical":"https:\/\/atlante.design\/es\/accessibility-statement\/","og_locale":"es_ES","og_type":"article","og_title":"Accessibility Statement - Atlante Design Agency","og_description":"ATLANTE Design\u00a0is committed to making its website accessible, in accordance with\u00a0Royal Decree 1112\/2018, of September 7, on the accessibility of public sector websites and mobile applications. This accessibility statement applies to this website. Compliance Status This website has been developed in accordance with Royal Decree 1112\/2018. Preparation of this Accessibility Statement This statement was prepared [&hellip;]","og_url":"https:\/\/atlante.design\/es\/accessibility-statement\/","og_site_name":"Atlante Design Agency","article_modified_time":"2026-03-20T09:13:42+00:00","twitter_card":"summary_large_image","twitter_misc":{"Tiempo de lectura":"2 minutos"},"schema":{"@context":"https:\/\/schema.org","@graph":[{"@type":"WebPage","@id":"https:\/\/atlante.design\/accessibility-statement\/","url":"https:\/\/atlante.design\/accessibility-statement\/","name":"Accessibility Statement - Atlante Design Agency","isPartOf":{"@id":"https:\/\/atlante.design\/#website"},"datePublished":"2025-11-03T18:53:43+00:00","dateModified":"2026-03-20T09:13:42+00:00","breadcrumb":{"@id":"https:\/\/atlante.design\/accessibility-statement\/#breadcrumb"},"inLanguage":"es","potentialAction":[{"@type":"ReadAction","target":["https:\/\/atlante.design\/accessibility-statement\/"]}]},{"@type":"BreadcrumbList","@id":"https:\/\/atlante.design\/accessibility-statement\/#breadcrumb","itemListElement":[{"@type":"ListItem","position":1,"name":"Portada","item":"https:\/\/atlante.design\/"},{"@type":"ListItem","position":2,"name":"Accessibility Statement"}]},{"@type":"WebSite","@id":"https:\/\/atlante.design\/#website","url":"https:\/\/atlante.design\/","name":"Atlante Design Agency","description":"Global Consulting &amp; Representation for Artists and Designers","potentialAction":[{"@type":"SearchAction","target":{"@type":"EntryPoint","urlTemplate":"https:\/\/atlante.design\/?s={search_term_string}"},"query-input":{"@type":"PropertyValueSpecification","valueRequired":true,"valueName":"search_term_string"}}],"inLanguage":"es"}]}},"_links":{"self":[{"href":"https:\/\/atlante.design\/es\/wp-json\/wp\/v2\/pages\/316","targetHints":{"allow":["GET"]}}],"collection":[{"href":"https:\/\/atlante.design\/es\/wp-json\/wp\/v2\/pages"}],"about":[{"href":"https:\/\/atlante.design\/es\/wp-json\/wp\/v2\/types\/page"}],"author":[{"embeddable":true,"href":"https:\/\/atlante.design\/es\/wp-json\/wp\/v2\/users\/1"}],"replies":[{"embeddable":true,"href":"https:\/\/atlante.design\/es\/wp-json\/wp\/v2\/comments?post=316"}],"version-history":[{"count":0,"href":"https:\/\/atlante.design\/es\/wp-json\/wp\/v2\/pages\/316\/revisions"}],"wp:attachment":[{"href":"https:\/\/atlante.design\/es\/wp-json\/wp\/v2\/media?parent=316"}],"curies":[{"name":"wp","href":"https:\/\/api.w.org\/{rel}","templated":true}]}}